{"id":2009,"date":"2018-08-21T08:14:32","date_gmt":"2018-08-21T11:14:32","guid":{"rendered":"http:\/\/localhost:12000\/?page_id=2009"},"modified":"2023-10-18T11:17:25","modified_gmt":"2023-10-18T14:17:25","slug":"agronegocio","status":"publish","type":"page","link":"https:\/\/sansuy.com.br\/en\/agronegocio\/","title":{"rendered":"Agribusiness"},"content":{"rendered":"<p>Armazenagem de gr\u00e3os, sacarias (caf\u00e9, a\u00e7\u00facar, batata, cebola), fertilizantes, defensivos agr\u00edcolas, etc.<\/p>","protected":false},"excerpt":{"rendered":"<p>Armazenagem de gr\u00e3os, sacarias (caf\u00e9, a\u00e7\u00facar, batata, cebola), fertilizantes, defensivos agr\u00edcolas, etc.<\/p>","protected":false},"author":2,"featured_media":0,"parent":0,"menu_order":0,"comment_status":"closed","ping_status":"closed","template":"","meta":{"_acf_changed":false,"footnotes":""},"class_list":["post-2009","page","type-page","status-publish","hentry"],"acf":[],"yoast_head":"<!-- This site is optimized with the Yoast SEO plugin v24.1 - https:\/\/yoast.com\/wordpress\/plugins\/seo\/ -->\n<title>Agroneg\u00f3cio - Sansuy S.A.<\/title>\n<meta name=\"description\" content=\"Armazenagem de gr\u00e3os, sacarias (caf\u00e9, a\u00e7\u00facar, batata, cebola), fertilizantes, defensivos agr\u00edcolas, etc.\" \/>\n<meta name=\"robots\" content=\"index, follow, max-snippet:-1, max-image-preview:large, max-video-preview:-1\" \/>\n<link rel=\"canonical\" href=\"https:\/\/sansuy.com.br\/en\/agronegocio\/\" \/>\n<meta property=\"og:locale\" content=\"en_US\" \/>\n<meta property=\"og:type\" content=\"article\" \/>\n<meta property=\"og:title\" content=\"Agroneg\u00f3cio - Sansuy S.A.\" \/>\n<meta property=\"og:description\" content=\"Armazenagem de gr\u00e3os, sacarias (caf\u00e9, a\u00e7\u00facar, batata, cebola), fertilizantes, defensivos agr\u00edcolas, etc.\" \/>\n<meta property=\"og:url\" content=\"https:\/\/sansuy.com.br\/en\/agronegocio\/\" \/>\n<meta property=\"og:site_name\" content=\"Sansuy S.A.\" \/>\n<meta property=\"article:publisher\" content=\"https:\/\/www.facebook.com\/sansuy.sa\/\" \/>\n<meta property=\"article:modified_time\" content=\"2023-10-18T14:17:25+00:00\" \/>\n<meta name=\"twitter:card\" content=\"summary_large_image\" \/>\n<meta name=\"twitter:label1\" content=\"Est. reading time\" \/>\n\t<meta name=\"twitter:data1\" content=\"1 minute\" \/>\n<!-- \/ Yoast SEO plugin. -->","yoast_head_json":{"title":"Agroneg\u00f3cio - Sansuy S.A.","description":"Armazenagem de gr\u00e3os, sacarias (caf\u00e9, a\u00e7\u00facar, batata, cebola), fertilizantes, defensivos agr\u00edcolas, etc.","robots":{"index":"index","follow":"follow","max-snippet":"max-snippet:-1","max-image-preview":"max-image-preview:large","max-video-preview":"max-video-preview:-1"},"canonical":"https:\/\/sansuy.com.br\/en\/agronegocio\/","og_locale":"en_US","og_type":"article","og_title":"Agroneg\u00f3cio - Sansuy S.A.","og_description":"Armazenagem de gr\u00e3os, sacarias (caf\u00e9, a\u00e7\u00facar, batata, cebola), fertilizantes, defensivos agr\u00edcolas, etc.","og_url":"https:\/\/sansuy.com.br\/en\/agronegocio\/","og_site_name":"Sansuy S.A.","article_publisher":"https:\/\/www.facebook.com\/sansuy.sa\/","article_modified_time":"2023-10-18T14:17:25+00:00","twitter_card":"summary_large_image","twitter_misc":{"Est. reading time":"1 minute"},"schema":{"@context":"https:\/\/schema.org","@graph":[{"@type":"WebPage","@id":"https:\/\/sansuy.com.br\/agronegocio\/","url":"https:\/\/sansuy.com.br\/agronegocio\/","name":"Agroneg\u00f3cio - Sansuy S.A.","isPartOf":{"@id":"https:\/\/sansuy.com.br\/es\/#website"},"datePublished":"2018-08-21T11:14:32+00:00","dateModified":"2023-10-18T14:17:25+00:00","description":"Armazenagem de gr\u00e3os, sacarias (caf\u00e9, a\u00e7\u00facar, batata, cebola), fertilizantes, defensivos agr\u00edcolas, etc.","breadcrumb":{"@id":"https:\/\/sansuy.com.br\/agronegocio\/#breadcrumb"},"inLanguage":"en-US","potentialAction":[{"@type":"ReadAction","target":["https:\/\/sansuy.com.br\/agronegocio\/"]}]},{"@type":"BreadcrumbList","@id":"https:\/\/sansuy.com.br\/agronegocio\/#breadcrumb","itemListElement":[{"@type":"ListItem","position":1,"name":"In\u00edcio","item":"https:\/\/sansuy.com.br\/"},{"@type":"ListItem","position":2,"name":"Agroneg\u00f3cio"}]},{"@type":"WebSite","@id":"https:\/\/sansuy.com.br\/es\/#website","url":"https:\/\/sansuy.com.br\/es\/","name":"Sansuy S.A.","description":"[:pb]Ind\u00fastria de Pl\u00e1sticos[:en]Plastic Industry[:es]Industria de Pl\u00e1sticos[:]","publisher":{"@id":"https:\/\/sansuy.com.br\/es\/#organization"},"potentialAction":[{"@type":"SearchAction","target":{"@type":"EntryPoint","urlTemplate":"https:\/\/sansuy.com.br\/es\/?s={search_term_string}"},"query-input":{"@type":"PropertyValueSpecification","valueRequired":true,"valueName":"search_term_string"}}],"inLanguage":"en-US"},{"@type":"Organization","@id":"https:\/\/sansuy.com.br\/es\/#organization","name":"Sansuy S.A.","url":"https:\/\/sansuy.com.br\/es\/","logo":{"@type":"ImageObject","inLanguage":"en-US","@id":"https:\/\/sansuy.com.br\/es\/#\/schema\/logo\/image\/","url":"https:\/\/sansuy.com.br\/wp-content\/uploads\/2018\/08\/logo_pequeno-2.png","contentUrl":"https:\/\/sansuy.com.br\/wp-content\/uploads\/2018\/08\/logo_pequeno-2.png","width":250,"height":65,"caption":"Sansuy S.A."},"image":{"@id":"https:\/\/sansuy.com.br\/es\/#\/schema\/logo\/image\/"},"sameAs":["https:\/\/www.facebook.com\/sansuy.sa\/","https:\/\/www.instagram.com\/sansuy.sa\/","https:\/\/www.linkedin.com\/company\/sansuy-s-a-ind-de-plasticos","https:\/\/www.youtube.com\/channel\/UCzEnvGN-6M02PUG_qMjaRyg"]}]}},"_links":{"self":[{"href":"https:\/\/sansuy.com.br\/en\/wp-json\/wp\/v2\/pages\/2009","targetHints":{"allow":["GET"]}}],"collection":[{"href":"https:\/\/sansuy.com.br\/en\/wp-json\/wp\/v2\/pages"}],"about":[{"href":"https:\/\/sansuy.com.br\/en\/wp-json\/wp\/v2\/types\/page"}],"author":[{"embeddable":true,"href":"https:\/\/sansuy.com.br\/en\/wp-json\/wp\/v2\/users\/2"}],"replies":[{"embeddable":true,"href":"https:\/\/sansuy.com.br\/en\/wp-json\/wp\/v2\/comments?post=2009"}],"version-history":[{"count":1,"href":"https:\/\/sansuy.com.br\/en\/wp-json\/wp\/v2\/pages\/2009\/revisions"}],"predecessor-version":[{"id":77236,"href":"https:\/\/sansuy.com.br\/en\/wp-json\/wp\/v2\/pages\/2009\/revisions\/77236"}],"wp:attachment":[{"href":"https:\/\/sansuy.com.br\/en\/wp-json\/wp\/v2\/media?parent=2009"}],"curies":[{"name":"wp","href":"https:\/\/api.w.org\/{rel}","templated":true}]}}