{"id":3549,"date":"2019-09-05T19:14:43","date_gmt":"2019-09-05T22:14:43","guid":{"rendered":"http:\/\/aisthesis.com.br\/robertozonta\/sansuy\/site\/?page_id=3549"},"modified":"2023-10-18T11:17:38","modified_gmt":"2023-10-18T14:17:38","slug":"clientes","status":"publish","type":"page","link":"https:\/\/sansuy.com.br\/en\/clientes\/","title":{"rendered":"Customers"},"content":{"rendered":"<h3>Conhe\u00e7a alguns dos <b>clientes<\/b> Sansuy<\/h3>\n<hr>\n<div class=\"container\">\n<div class=\"row\">\n<div class=\"col-lg-3 col-sm-6 pb-5 pt-5 text-center wow slideInUp\" style=\"visibility: visible; border-right:solid 1px #ccc; animation-name: slideInUp;\">\n<h2 class=\"h2-pagina-interna\">Anglogold<\/h2>\n<\/div>\n<div class=\"col-lg-3 col-sm-6 pb-5 pt-5 text-center wow slideInUp\" style=\"visibility: visible; border-right:solid 1px #ccc; animation-name: slideInUp;\">\n<h2 class=\"h2-pagina-interna\">Pl\u00e1sticos Carone<\/h2>\n<\/div>\n<div class=\"col-lg-3 col-sm-6 pb-5 pt-5 text-center wow slideInUp\" style=\"visibility: visible; border-right:solid 1px #ccc; animation-name: slideInUp;\">\n<h2 class=\"h2-pagina-interna\">Garra Pneus<\/h2>\n<\/div>\n<div class=\"col-lg-3 col-sm-6 pb-5 pt-5 text-center wow slideInUp\" style=\"visibility: visible; animation-name: slideInUp;\">\n<h2 class=\"h2-pagina-interna\">Imprimax<\/h2>\n<\/div>\n<\/div>\n<p><br class=\"d-none d-md-block\"><\/p>\n<hr class=\"d-none d-md-block\">\n<div class=\"row\">\n<div class=\"col-lg-3 col-sm-6 pb-5 pt-5 text-center wow slideInUp\" style=\"visibility: visible; border-right:solid 1px #ccc; animation-name: slideInUp;\">\n<h2 class=\"h2-pagina-interna\">Mercedes Benz<\/h2>\n<\/div>\n<div class=\"col-lg-3 col-sm-6 pb-5 pt-5 text-center wow slideInUp\" style=\"visibility: visible; border-right:solid 1px #ccc; animation-name: slideInUp;\">\n<h2 class=\"h2-pagina-interna\">Play Park<\/h2>\n<\/div>\n<div class=\"col-lg-3 col-sm-6 pb-5 pt-5 text-center wow slideInUp\" style=\"visibility: visible; border-right:solid 1px #ccc; animation-name: slideInUp;\">\n<h2 class=\"h2-pagina-interna\">Promo Inflaveis<\/h2>\n<\/div>\n<div class=\"col-lg-3 col-sm-6 pb-5 pt-5 text-center wow slideInUp\" style=\"visibility: visible; animation-name: slideInUp;\">\n<h2 class=\"h2-pagina-interna\">Randon<\/h2>\n<\/div>\n<\/div>\n<p><br class=\"d-none d-md-block\"><\/p>\n<hr class=\"d-none d-md-block\">\n<div class=\"row\">\n<div class=\"col-lg-3 col-sm-6 pb-5 pt-5 text-center wow slideInUp\" style=\"visibility: visible; border-right:solid 1px #ccc; animation-name: slideInUp;\">\n<h2 class=\"h2-pagina-interna\">Rediesel<\/h2>\n<\/div>\n<div class=\"col-lg-3 col-sm-6 pb-5 pt-5 text-center wow slideInUp\" style=\"visibility: visible; border-right:solid 1px #ccc; animation-name: slideInUp;\">\n<h2 class=\"h2-pagina-interna\">Sibrape<\/h2>\n<\/div>\n<div class=\"col-lg-3 col-sm-6 pb-5 pt-5 text-center wow slideInUp\" style=\"visibility: visible; border-right:solid 1px #ccc; animation-name: slideInUp;\">\n<h2 class=\"h2-pagina-interna\">Sodramar<\/h2>\n<\/div>\n<div class=\"col-lg-3 col-sm-6 pb-5 pt-5 text-center wow slideInUp\" style=\"visibility: visible; 1px #ccc; animation-name: slideInUp;\">\n<h2 class=\"h2-pagina-interna\">Tacsa<\/h2>\n<\/div>\n<\/div>\n<p><br class=\"d-none d-md-block\"><\/p>\n<hr class=\"d-none d-md-block\">\n<div class=\"row\">\n<div class=\"col-lg-3 col-sm-6 pb-5 pt-5 text-center wow slideInUp\" style=\"visibility: visible; border-right:solid 1px #ccc; animation-name: slideInUp;\">\n<h2 class=\"h2-pagina-interna\">Tilibra<\/h2>\n<\/div>\n<div class=\"col-lg-3 col-sm-6 pb-5 pt-5 text-center wow slideInUp\" style=\"visibility: visible; border-right:solid 1px #ccc; animation-name: slideInUp;\">\n<h2 class=\"h2-pagina-interna\">Weatherhaven<\/h2>\n<\/div>\n<div class=\"col-lg-3 col-sm-6 pb-5 pt-5 text-center wow slideInUp\" style=\"visibility: visible; border-right:solid 1px #ccc; animation-name: slideInUp;\">\n<h2 class=\"h2-pagina-interna\">WhiteMartins<\/h2>\n<\/div>\n<div class=\"col-lg-3 col-sm-6 pb-5 pt-5 text-center wow slideInUp\" style=\"visibility: visible; animation-name: slideInUp;\">\n<h2 class=\"h2-pagina-interna\">Luana<\/h2>\n<\/div>\n<\/div>\n<\/div>","protected":false},"excerpt":{"rendered":"<p>Conhe\u00e7a alguns dos clientes Sansuy Anglogold Pl\u00e1sticos Carone Garra Pneus Imprimax Mercedes Benz Play Park Promo Inflaveis Randon Rediesel Sibrape Sodramar Tacsa Tilibra Weatherhaven WhiteMartins Luana<\/p>","protected":false},"author":2,"featured_media":4656,"parent":0,"menu_order":0,"comment_status":"closed","ping_status":"closed","template":"","meta":{"_acf_changed":false,"footnotes":""},"class_list":["post-3549","page","type-page","status-publish","has-post-thumbnail","hentry"],"acf":[],"yoast_head":"<!-- This site is optimized with the Yoast SEO plugin v24.1 - https:\/\/yoast.com\/wordpress\/plugins\/seo\/ -->\n<title>Clientes - Sansuy S.A.<\/title>\n<meta name=\"description\" content=\"Desenvolvemos fortes la\u00e7os de relacionamento e conquistamos a fideliza\u00e7\u00e3o de clientes ao longo de todas essas d\u00e9cadas de exist\u00eancia.\" \/>\n<meta name=\"robots\" content=\"index, follow, max-snippet:-1, max-image-preview:large, max-video-preview:-1\" \/>\n<link rel=\"canonical\" href=\"https:\/\/sansuy.com.br\/en\/clientes\/\" \/>\n<meta property=\"og:locale\" content=\"en_US\" \/>\n<meta property=\"og:type\" content=\"article\" \/>\n<meta property=\"og:title\" content=\"Clientes - Sansuy S.A.\" \/>\n<meta property=\"og:description\" content=\"Desenvolvemos fortes la\u00e7os de relacionamento e conquistamos a fideliza\u00e7\u00e3o de clientes ao longo de todas essas d\u00e9cadas de exist\u00eancia.\" \/>\n<meta property=\"og:url\" content=\"https:\/\/sansuy.com.br\/en\/clientes\/\" \/>\n<meta property=\"og:site_name\" content=\"Sansuy S.A.\" \/>\n<meta property=\"article:publisher\" content=\"https:\/\/www.facebook.com\/sansuy.sa\/\" \/>\n<meta property=\"article:modified_time\" content=\"2023-10-18T14:17:38+00:00\" \/>\n<meta property=\"og:image\" content=\"https:\/\/sansuy.com.br\/wp-content\/uploads\/2019\/09\/clientes-2.jpg\" \/>\n\t<meta property=\"og:image:width\" content=\"1920\" \/>\n\t<meta property=\"og:image:height\" content=\"1095\" \/>\n\t<meta property=\"og:image:type\" content=\"image\/jpeg\" \/>\n<meta name=\"twitter:card\" content=\"summary_large_image\" \/>\n<meta name=\"twitter:label1\" content=\"Est. reading time\" \/>\n\t<meta name=\"twitter:data1\" content=\"1 minute\" \/>\n<!-- \/ Yoast SEO plugin. -->","yoast_head_json":{"title":"Clientes - Sansuy S.A.","description":"Desenvolvemos fortes la\u00e7os de relacionamento e conquistamos a fideliza\u00e7\u00e3o de clientes ao longo de todas essas d\u00e9cadas de exist\u00eancia.","robots":{"index":"index","follow":"follow","max-snippet":"max-snippet:-1","max-image-preview":"max-image-preview:large","max-video-preview":"max-video-preview:-1"},"canonical":"https:\/\/sansuy.com.br\/en\/clientes\/","og_locale":"en_US","og_type":"article","og_title":"Clientes - Sansuy S.A.","og_description":"Desenvolvemos fortes la\u00e7os de relacionamento e conquistamos a fideliza\u00e7\u00e3o de clientes ao longo de todas essas d\u00e9cadas de exist\u00eancia.","og_url":"https:\/\/sansuy.com.br\/en\/clientes\/","og_site_name":"Sansuy S.A.","article_publisher":"https:\/\/www.facebook.com\/sansuy.sa\/","article_modified_time":"2023-10-18T14:17:38+00:00","og_image":[{"width":1920,"height":1095,"url":"https:\/\/sansuy.com.br\/wp-content\/uploads\/2019\/09\/clientes-2.jpg","type":"image\/jpeg"}],"twitter_card":"summary_large_image","twitter_misc":{"Est. reading time":"1 minute"},"schema":{"@context":"https:\/\/schema.org","@graph":[{"@type":"WebPage","@id":"https:\/\/sansuy.com.br\/clientes\/","url":"https:\/\/sansuy.com.br\/clientes\/","name":"Clientes - Sansuy S.A.","isPartOf":{"@id":"https:\/\/sansuy.com.br\/es\/#website"},"primaryImageOfPage":{"@id":"https:\/\/sansuy.com.br\/clientes\/#primaryimage"},"image":{"@id":"https:\/\/sansuy.com.br\/clientes\/#primaryimage"},"thumbnailUrl":"https:\/\/sansuy.com.br\/wp-content\/uploads\/2019\/09\/clientes-2.jpg","datePublished":"2019-09-05T22:14:43+00:00","dateModified":"2023-10-18T14:17:38+00:00","description":"Desenvolvemos fortes la\u00e7os de relacionamento e conquistamos a fideliza\u00e7\u00e3o de clientes ao longo de todas essas d\u00e9cadas de exist\u00eancia.","breadcrumb":{"@id":"https:\/\/sansuy.com.br\/clientes\/#breadcrumb"},"inLanguage":"en-US","potentialAction":[{"@type":"ReadAction","target":["https:\/\/sansuy.com.br\/clientes\/"]}]},{"@type":"ImageObject","inLanguage":"en-US","@id":"https:\/\/sansuy.com.br\/clientes\/#primaryimage","url":"https:\/\/sansuy.com.br\/wp-content\/uploads\/2019\/09\/clientes-2.jpg","contentUrl":"https:\/\/sansuy.com.br\/wp-content\/uploads\/2019\/09\/clientes-2.jpg","width":1920,"height":1095,"caption":"clientes"},{"@type":"BreadcrumbList","@id":"https:\/\/sansuy.com.br\/clientes\/#breadcrumb","itemListElement":[{"@type":"ListItem","position":1,"name":"In\u00edcio","item":"https:\/\/sansuy.com.br\/"},{"@type":"ListItem","position":2,"name":"Clientes"}]},{"@type":"WebSite","@id":"https:\/\/sansuy.com.br\/es\/#website","url":"https:\/\/sansuy.com.br\/es\/","name":"Sansuy S.A.","description":"[:pb]Ind\u00fastria de Pl\u00e1sticos[:en]Plastic Industry[:es]Industria de Pl\u00e1sticos[:]","publisher":{"@id":"https:\/\/sansuy.com.br\/es\/#organization"},"potentialAction":[{"@type":"SearchAction","target":{"@type":"EntryPoint","urlTemplate":"https:\/\/sansuy.com.br\/es\/?s={search_term_string}"},"query-input":{"@type":"PropertyValueSpecification","valueRequired":true,"valueName":"search_term_string"}}],"inLanguage":"en-US"},{"@type":"Organization","@id":"https:\/\/sansuy.com.br\/es\/#organization","name":"Sansuy S.A.","url":"https:\/\/sansuy.com.br\/es\/","logo":{"@type":"ImageObject","inLanguage":"en-US","@id":"https:\/\/sansuy.com.br\/es\/#\/schema\/logo\/image\/","url":"https:\/\/sansuy.com.br\/wp-content\/uploads\/2018\/08\/logo_pequeno-2.png","contentUrl":"https:\/\/sansuy.com.br\/wp-content\/uploads\/2018\/08\/logo_pequeno-2.png","width":250,"height":65,"caption":"Sansuy S.A."},"image":{"@id":"https:\/\/sansuy.com.br\/es\/#\/schema\/logo\/image\/"},"sameAs":["https:\/\/www.facebook.com\/sansuy.sa\/","https:\/\/www.instagram.com\/sansuy.sa\/","https:\/\/www.linkedin.com\/company\/sansuy-s-a-ind-de-plasticos","https:\/\/www.youtube.com\/channel\/UCzEnvGN-6M02PUG_qMjaRyg"]}]}},"_links":{"self":[{"href":"https:\/\/sansuy.com.br\/en\/wp-json\/wp\/v2\/pages\/3549","targetHints":{"allow":["GET"]}}],"collection":[{"href":"https:\/\/sansuy.com.br\/en\/wp-json\/wp\/v2\/pages"}],"about":[{"href":"https:\/\/sansuy.com.br\/en\/wp-json\/wp\/v2\/types\/page"}],"author":[{"embeddable":true,"href":"https:\/\/sansuy.com.br\/en\/wp-json\/wp\/v2\/users\/2"}],"replies":[{"embeddable":true,"href":"https:\/\/sansuy.com.br\/en\/wp-json\/wp\/v2\/comments?post=3549"}],"version-history":[{"count":1,"href":"https:\/\/sansuy.com.br\/en\/wp-json\/wp\/v2\/pages\/3549\/revisions"}],"predecessor-version":[{"id":77240,"href":"https:\/\/sansuy.com.br\/en\/wp-json\/wp\/v2\/pages\/3549\/revisions\/77240"}],"wp:featuredmedia":[{"embeddable":true,"href":"https:\/\/sansuy.com.br\/en\/wp-json\/wp\/v2\/media\/4656"}],"wp:attachment":[{"href":"https:\/\/sansuy.com.br\/en\/wp-json\/wp\/v2\/media?parent=3549"}],"curies":[{"name":"wp","href":"https:\/\/api.w.org\/{rel}","templated":true}]}}