{"id":3577,"date":"2019-09-05T22:01:49","date_gmt":"2019-09-06T01:01:49","guid":{"rendered":"http:\/\/aisthesis.com.br\/robertozonta\/sansuy\/site\/?page_id=3577"},"modified":"2024-10-03T09:01:37","modified_gmt":"2024-10-03T12:01:37","slug":"cartao-bndes","status":"publish","type":"page","link":"https:\/\/sansuy.com.br\/en\/cartao-bndes\/","title":{"rendered":"BNDES card"},"content":{"rendered":"<table>\n<tbody>\n<tr>\n<td style=\"width: 300px;\"><img fetchpriority=\"high\" decoding=\"async\" width=\"300\" height=\"231\" class=\"alignnone size-larger wp-image-3624 img-bndes\" src=\"https:\/\/sansuy.com.br\/wp-content\/uploads\/2019\/09\/CARTAO_BNDES_490x378px_2-300x231.png\" alt=\"\" srcset=\"https:\/\/sansuy.com.br\/wp-content\/uploads\/2019\/09\/CARTAO_BNDES_490x378px_2-300x231.png 300w, https:\/\/sansuy.com.br\/wp-content\/uploads\/2019\/09\/CARTAO_BNDES_490x378px_2.png 491w\" sizes=\"(max-width: 300px) 100vw, 300px\" \/><\/td>\n<td>Compre atrav\u00e9s do Cart\u00e3o BNDES. Nossos clientes t\u00eam mais uma \u00f3tima alternativa de compras utilizando o Cart\u00e3o BNDES.<\/p>\n<p>N\u00e3o desperdice essa oportunidade, entre no site <a href=\"http:\/\/www.cartaobndes.gov.br\">www.cartaobndes.gov.br<\/a> e tenha maiores informa\u00e7\u00f5es sobre valores, prazos de pagamentos e a linha de nossos produtos que est\u00e3o dispon\u00edveis para as vendas.<\/p>\n<p>Para maiores informa\u00e7\u00f5es sobre o Cart\u00e3o BNDES, entre no site <a href=\"http:\/\/www.cartaobndes.gov.br\">www.cartaobndes.gov.br<\/a> ou entre em contato com a sua institui\u00e7\u00e3o financeira.<\/td>\n<\/tr>\n<\/tbody>\n<\/table>","protected":false},"excerpt":{"rendered":"<p>Compre atrav\u00e9s do Cart\u00e3o BNDES. Nossos clientes t\u00eam mais uma \u00f3tima alternativa de compras utilizando o Cart\u00e3o BNDES. N\u00e3o desperdice essa oportunidade, entre no site www.cartaobndes.gov.br e tenha maiores informa\u00e7\u00f5es &#8230;<\/p>","protected":false},"author":2,"featured_media":0,"parent":0,"menu_order":0,"comment_status":"closed","ping_status":"closed","template":"","meta":{"_acf_changed":false,"footnotes":""},"class_list":["post-3577","page","type-page","status-publish","hentry"],"acf":[],"yoast_head":"<!-- This site is optimized with the Yoast SEO plugin v24.1 - https:\/\/yoast.com\/wordpress\/plugins\/seo\/ -->\n<title>Cart\u00e3o BNDES - Sansuy S.A.<\/title>\n<meta name=\"description\" content=\"Compre atrav\u00e9s do Cart\u00e3o BNDES. Nossos clientes t\u00eam mais uma \u00f3tima alternativa de compra utilizando o seu cart\u00e3o BNDES.\" \/>\n<meta name=\"robots\" content=\"index, follow, max-snippet:-1, max-image-preview:large, max-video-preview:-1\" \/>\n<link rel=\"canonical\" href=\"https:\/\/sansuy.com.br\/en\/cartao-bndes\/\" \/>\n<meta property=\"og:locale\" content=\"en_US\" \/>\n<meta property=\"og:type\" content=\"article\" \/>\n<meta property=\"og:title\" content=\"Cart\u00e3o BNDES - Sansuy S.A.\" \/>\n<meta property=\"og:description\" content=\"Compre atrav\u00e9s do Cart\u00e3o BNDES. Nossos clientes t\u00eam mais uma \u00f3tima alternativa de compra utilizando o seu cart\u00e3o BNDES.\" \/>\n<meta property=\"og:url\" content=\"https:\/\/sansuy.com.br\/en\/cartao-bndes\/\" \/>\n<meta property=\"og:site_name\" content=\"Sansuy S.A.\" \/>\n<meta property=\"article:publisher\" content=\"https:\/\/www.facebook.com\/sansuy.sa\/\" \/>\n<meta property=\"article:modified_time\" content=\"2024-10-03T12:01:37+00:00\" \/>\n<meta property=\"og:image\" content=\"https:\/\/sansuy.com.br\/wp-content\/uploads\/2019\/09\/CARTAO_BNDES_490x378px_2-300x231.png\" \/>\n<meta name=\"twitter:card\" content=\"summary_large_image\" \/>\n<meta name=\"twitter:label1\" content=\"Est. reading time\" \/>\n\t<meta name=\"twitter:data1\" content=\"2 minutes\" \/>\n<!-- \/ Yoast SEO plugin. -->","yoast_head_json":{"title":"Cart\u00e3o BNDES - Sansuy S.A.","description":"Compre atrav\u00e9s do Cart\u00e3o BNDES. Nossos clientes t\u00eam mais uma \u00f3tima alternativa de compra utilizando o seu cart\u00e3o BNDES.","robots":{"index":"index","follow":"follow","max-snippet":"max-snippet:-1","max-image-preview":"max-image-preview:large","max-video-preview":"max-video-preview:-1"},"canonical":"https:\/\/sansuy.com.br\/en\/cartao-bndes\/","og_locale":"en_US","og_type":"article","og_title":"Cart\u00e3o BNDES - Sansuy S.A.","og_description":"Compre atrav\u00e9s do Cart\u00e3o BNDES. Nossos clientes t\u00eam mais uma \u00f3tima alternativa de compra utilizando o seu cart\u00e3o BNDES.","og_url":"https:\/\/sansuy.com.br\/en\/cartao-bndes\/","og_site_name":"Sansuy S.A.","article_publisher":"https:\/\/www.facebook.com\/sansuy.sa\/","article_modified_time":"2024-10-03T12:01:37+00:00","og_image":[{"url":"https:\/\/sansuy.com.br\/wp-content\/uploads\/2019\/09\/CARTAO_BNDES_490x378px_2-300x231.png","type":"","width":"","height":""}],"twitter_card":"summary_large_image","twitter_misc":{"Est. reading time":"2 minutes"},"schema":{"@context":"https:\/\/schema.org","@graph":[{"@type":"WebPage","@id":"https:\/\/sansuy.com.br\/cartao-bndes\/","url":"https:\/\/sansuy.com.br\/cartao-bndes\/","name":"Cart\u00e3o BNDES - Sansuy S.A.","isPartOf":{"@id":"https:\/\/sansuy.com.br\/es\/#website"},"primaryImageOfPage":{"@id":"https:\/\/sansuy.com.br\/cartao-bndes\/#primaryimage"},"image":{"@id":"https:\/\/sansuy.com.br\/cartao-bndes\/#primaryimage"},"thumbnailUrl":"https:\/\/sansuy.com.br\/wp-content\/uploads\/2019\/09\/CARTAO_BNDES_490x378px_2-300x231.png","datePublished":"2019-09-06T01:01:49+00:00","dateModified":"2024-10-03T12:01:37+00:00","description":"Compre atrav\u00e9s do Cart\u00e3o BNDES. Nossos clientes t\u00eam mais uma \u00f3tima alternativa de compra utilizando o seu cart\u00e3o BNDES.","breadcrumb":{"@id":"https:\/\/sansuy.com.br\/cartao-bndes\/#breadcrumb"},"inLanguage":"en-US","potentialAction":[{"@type":"ReadAction","target":["https:\/\/sansuy.com.br\/cartao-bndes\/"]}]},{"@type":"ImageObject","inLanguage":"en-US","@id":"https:\/\/sansuy.com.br\/cartao-bndes\/#primaryimage","url":"https:\/\/sansuy.com.br\/wp-content\/uploads\/2019\/09\/CARTAO_BNDES_490x378px_2-300x231.png","contentUrl":"https:\/\/sansuy.com.br\/wp-content\/uploads\/2019\/09\/CARTAO_BNDES_490x378px_2-300x231.png"},{"@type":"BreadcrumbList","@id":"https:\/\/sansuy.com.br\/cartao-bndes\/#breadcrumb","itemListElement":[{"@type":"ListItem","position":1,"name":"In\u00edcio","item":"https:\/\/sansuy.com.br\/"},{"@type":"ListItem","position":2,"name":"Cart\u00e3o BNDES"}]},{"@type":"WebSite","@id":"https:\/\/sansuy.com.br\/es\/#website","url":"https:\/\/sansuy.com.br\/es\/","name":"Sansuy S.A.","description":"[:pb]Ind\u00fastria de Pl\u00e1sticos[:en]Plastic Industry[:es]Industria de Pl\u00e1sticos[:]","publisher":{"@id":"https:\/\/sansuy.com.br\/es\/#organization"},"potentialAction":[{"@type":"SearchAction","target":{"@type":"EntryPoint","urlTemplate":"https:\/\/sansuy.com.br\/es\/?s={search_term_string}"},"query-input":{"@type":"PropertyValueSpecification","valueRequired":true,"valueName":"search_term_string"}}],"inLanguage":"en-US"},{"@type":"Organization","@id":"https:\/\/sansuy.com.br\/es\/#organization","name":"Sansuy S.A.","url":"https:\/\/sansuy.com.br\/es\/","logo":{"@type":"ImageObject","inLanguage":"en-US","@id":"https:\/\/sansuy.com.br\/es\/#\/schema\/logo\/image\/","url":"https:\/\/sansuy.com.br\/wp-content\/uploads\/2018\/08\/logo_pequeno-2.png","contentUrl":"https:\/\/sansuy.com.br\/wp-content\/uploads\/2018\/08\/logo_pequeno-2.png","width":250,"height":65,"caption":"Sansuy S.A."},"image":{"@id":"https:\/\/sansuy.com.br\/es\/#\/schema\/logo\/image\/"},"sameAs":["https:\/\/www.facebook.com\/sansuy.sa\/","https:\/\/www.instagram.com\/sansuy.sa\/","https:\/\/www.linkedin.com\/company\/sansuy-s-a-ind-de-plasticos","https:\/\/www.youtube.com\/channel\/UCzEnvGN-6M02PUG_qMjaRyg"]}]}},"_links":{"self":[{"href":"https:\/\/sansuy.com.br\/en\/wp-json\/wp\/v2\/pages\/3577","targetHints":{"allow":["GET"]}}],"collection":[{"href":"https:\/\/sansuy.com.br\/en\/wp-json\/wp\/v2\/pages"}],"about":[{"href":"https:\/\/sansuy.com.br\/en\/wp-json\/wp\/v2\/types\/page"}],"author":[{"embeddable":true,"href":"https:\/\/sansuy.com.br\/en\/wp-json\/wp\/v2\/users\/2"}],"replies":[{"embeddable":true,"href":"https:\/\/sansuy.com.br\/en\/wp-json\/wp\/v2\/comments?post=3577"}],"version-history":[{"count":3,"href":"https:\/\/sansuy.com.br\/en\/wp-json\/wp\/v2\/pages\/3577\/revisions"}],"predecessor-version":[{"id":77753,"href":"https:\/\/sansuy.com.br\/en\/wp-json\/wp\/v2\/pages\/3577\/revisions\/77753"}],"wp:attachment":[{"href":"https:\/\/sansuy.com.br\/en\/wp-json\/wp\/v2\/media?parent=3577"}],"curies":[{"name":"wp","href":"https:\/\/api.w.org\/{rel}","templated":true}]}}