{"id":4587,"date":"2019-09-24T11:15:22","date_gmt":"2019-09-24T14:15:22","guid":{"rendered":"http:\/\/aisthesis.com.br\/robertozonta\/sansuy\/site\/membership-join\/"},"modified":"2023-10-18T11:17:49","modified_gmt":"2023-10-18T14:17:49","slug":"membership-join","status":"publish","type":"page","link":"https:\/\/sansuy.com.br\/en\/membership-join\/","title":{"rendered":"Join Us"},"content":{"rendered":"<p style=\"color:red;font-weight:bold;\">This page and the content has been automatically generated for you to give you a basic idea of how a &#8220;Join Us&#8221; page should look like. You can customize this page however you like it by editing this page from your WordPress page editor.<\/p>\n<p style=\"font-weight:bold;\">If you end up changing the URL of this page then make sure to update the URL value in the settings menu of the plugin.<\/p>\n<p style=\"border-top:1px solid #ccc;padding-top:10px;margin-top:10px;\">\n<p>\t\t\t<strong>Free Membership<\/strong><br \/>\n\t\t\t<br \/>\n\t\t\tYou get unlimited access to free membership content<br \/>\n\t\t\t<br \/>\n\t\t\t<em><strong>Price: Free!<\/strong><\/em><\/p>\n<p>Link the following image to go to the Registration Page if you want your visitors to be able to create a free membership account<\/p>\n<p>\t\t\t<img decoding=\"async\" title=\"Join Now\" src=\"https:\/\/sansuy.com.br\/wp-content\/plugins\/simple-membership\/images\/join-now-button-image.gif\" alt=\"Join Now Button\" width=\"277\" height=\"82\" \/><\/p>\n<p style=\"border-bottom:1px solid #ccc;padding-bottom:10px;margin-bottom:10px;\">\n<p><strong>You can register for a Free Membership or pay for one of the following membership options<\/strong><\/p>\n<p style=\"border-top:1px solid #ccc;padding-top:10px;margin-top:10px;\">\n<p>\t\t\t[ ==> Insert Payment Button For Your Paid Membership Levels Here <== ]\n\t\t\t\n\n<p style=\"border-bottom:1px solid #ccc;padding-bottom:10px;margin-bottom:10px;\"><\/p>","protected":false},"excerpt":{"rendered":"<p>This page and the content has been automatically generated for you to give you a basic idea of how a &#8220;Join Us&#8221; page should look like. You can customize this &#8230;<\/p>","protected":false},"author":2,"featured_media":0,"parent":0,"menu_order":0,"comment_status":"closed","ping_status":"closed","template":"","meta":{"_acf_changed":false,"footnotes":""},"class_list":["post-4587","page","type-page","status-publish","hentry"],"acf":[],"yoast_head":"<!-- This site is optimized with the Yoast SEO plugin v24.1 - https:\/\/yoast.com\/wordpress\/plugins\/seo\/ -->\n<title>Join Us - Sansuy S.A.<\/title>\n<meta name=\"robots\" content=\"index, follow, max-snippet:-1, max-image-preview:large, max-video-preview:-1\" \/>\n<link rel=\"canonical\" href=\"https:\/\/sansuy.com.br\/en\/membership-join\/\" \/>\n<meta property=\"og:locale\" content=\"en_US\" \/>\n<meta property=\"og:type\" content=\"article\" \/>\n<meta property=\"og:title\" content=\"Join Us - Sansuy S.A.\" \/>\n<meta property=\"og:description\" content=\"This page and the content has been automatically generated for you to give you a basic idea of how a &#8220;Join Us&#8221; page should look like. You can customize this ...\" \/>\n<meta property=\"og:url\" content=\"https:\/\/sansuy.com.br\/en\/membership-join\/\" \/>\n<meta property=\"og:site_name\" content=\"Sansuy S.A.\" \/>\n<meta property=\"article:publisher\" content=\"https:\/\/www.facebook.com\/sansuy.sa\/\" \/>\n<meta property=\"article:modified_time\" content=\"2023-10-18T14:17:49+00:00\" \/>\n<meta property=\"og:image\" content=\"https:\/\/sansuy.com.br\/wp-content\/plugins\/simple-membership\/images\/join-now-button-image.gif\" \/>\n<meta name=\"twitter:card\" content=\"summary_large_image\" \/>\n<meta name=\"twitter:label1\" content=\"Est. reading time\" \/>\n\t<meta name=\"twitter:data1\" content=\"1 minute\" \/>\n<!-- \/ Yoast SEO plugin. -->","yoast_head_json":{"title":"Join Us - Sansuy S.A.","robots":{"index":"index","follow":"follow","max-snippet":"max-snippet:-1","max-image-preview":"max-image-preview:large","max-video-preview":"max-video-preview:-1"},"canonical":"https:\/\/sansuy.com.br\/en\/membership-join\/","og_locale":"en_US","og_type":"article","og_title":"Join Us - Sansuy S.A.","og_description":"This page and the content has been automatically generated for you to give you a basic idea of how a &#8220;Join Us&#8221; page should look like. You can customize this ...","og_url":"https:\/\/sansuy.com.br\/en\/membership-join\/","og_site_name":"Sansuy S.A.","article_publisher":"https:\/\/www.facebook.com\/sansuy.sa\/","article_modified_time":"2023-10-18T14:17:49+00:00","og_image":[{"url":"https:\/\/sansuy.com.br\/wp-content\/plugins\/simple-membership\/images\/join-now-button-image.gif","type":"","width":"","height":""}],"twitter_card":"summary_large_image","twitter_misc":{"Est. reading time":"1 minute"},"schema":{"@context":"https:\/\/schema.org","@graph":[{"@type":"WebPage","@id":"https:\/\/sansuy.com.br\/membership-join\/","url":"https:\/\/sansuy.com.br\/membership-join\/","name":"Join Us - Sansuy S.A.","isPartOf":{"@id":"https:\/\/sansuy.com.br\/es\/#website"},"primaryImageOfPage":{"@id":"https:\/\/sansuy.com.br\/membership-join\/#primaryimage"},"image":{"@id":"https:\/\/sansuy.com.br\/membership-join\/#primaryimage"},"thumbnailUrl":"https:\/\/sansuy.com.br\/wp-content\/plugins\/simple-membership\/images\/join-now-button-image.gif","datePublished":"2019-09-24T14:15:22+00:00","dateModified":"2023-10-18T14:17:49+00:00","breadcrumb":{"@id":"https:\/\/sansuy.com.br\/membership-join\/#breadcrumb"},"inLanguage":"en-US","potentialAction":[{"@type":"ReadAction","target":["https:\/\/sansuy.com.br\/membership-join\/"]}]},{"@type":"ImageObject","inLanguage":"en-US","@id":"https:\/\/sansuy.com.br\/membership-join\/#primaryimage","url":"https:\/\/sansuy.com.br\/wp-content\/plugins\/simple-membership\/images\/join-now-button-image.gif","contentUrl":"https:\/\/sansuy.com.br\/wp-content\/plugins\/simple-membership\/images\/join-now-button-image.gif"},{"@type":"BreadcrumbList","@id":"https:\/\/sansuy.com.br\/membership-join\/#breadcrumb","itemListElement":[{"@type":"ListItem","position":1,"name":"In\u00edcio","item":"https:\/\/sansuy.com.br\/"},{"@type":"ListItem","position":2,"name":"Join Us"}]},{"@type":"WebSite","@id":"https:\/\/sansuy.com.br\/es\/#website","url":"https:\/\/sansuy.com.br\/es\/","name":"Sansuy S.A.","description":"[:pb]Ind\u00fastria de Pl\u00e1sticos[:en]Plastic Industry[:es]Industria de Pl\u00e1sticos[:]","publisher":{"@id":"https:\/\/sansuy.com.br\/es\/#organization"},"potentialAction":[{"@type":"SearchAction","target":{"@type":"EntryPoint","urlTemplate":"https:\/\/sansuy.com.br\/es\/?s={search_term_string}"},"query-input":{"@type":"PropertyValueSpecification","valueRequired":true,"valueName":"search_term_string"}}],"inLanguage":"en-US"},{"@type":"Organization","@id":"https:\/\/sansuy.com.br\/es\/#organization","name":"Sansuy S.A.","url":"https:\/\/sansuy.com.br\/es\/","logo":{"@type":"ImageObject","inLanguage":"en-US","@id":"https:\/\/sansuy.com.br\/es\/#\/schema\/logo\/image\/","url":"https:\/\/sansuy.com.br\/wp-content\/uploads\/2018\/08\/logo_pequeno-2.png","contentUrl":"https:\/\/sansuy.com.br\/wp-content\/uploads\/2018\/08\/logo_pequeno-2.png","width":250,"height":65,"caption":"Sansuy S.A."},"image":{"@id":"https:\/\/sansuy.com.br\/es\/#\/schema\/logo\/image\/"},"sameAs":["https:\/\/www.facebook.com\/sansuy.sa\/","https:\/\/www.instagram.com\/sansuy.sa\/","https:\/\/www.linkedin.com\/company\/sansuy-s-a-ind-de-plasticos","https:\/\/www.youtube.com\/channel\/UCzEnvGN-6M02PUG_qMjaRyg"]}]}},"_links":{"self":[{"href":"https:\/\/sansuy.com.br\/en\/wp-json\/wp\/v2\/pages\/4587","targetHints":{"allow":["GET"]}}],"collection":[{"href":"https:\/\/sansuy.com.br\/en\/wp-json\/wp\/v2\/pages"}],"about":[{"href":"https:\/\/sansuy.com.br\/en\/wp-json\/wp\/v2\/types\/page"}],"author":[{"embeddable":true,"href":"https:\/\/sansuy.com.br\/en\/wp-json\/wp\/v2\/users\/2"}],"replies":[{"embeddable":true,"href":"https:\/\/sansuy.com.br\/en\/wp-json\/wp\/v2\/comments?post=4587"}],"version-history":[{"count":1,"href":"https:\/\/sansuy.com.br\/en\/wp-json\/wp\/v2\/pages\/4587\/revisions"}],"predecessor-version":[{"id":77252,"href":"https:\/\/sansuy.com.br\/en\/wp-json\/wp\/v2\/pages\/4587\/revisions\/77252"}],"wp:attachment":[{"href":"https:\/\/sansuy.com.br\/en\/wp-json\/wp\/v2\/media?parent=4587"}],"curies":[{"name":"wp","href":"https:\/\/api.w.org\/{rel}","templated":true}]}}