{"id":77209,"date":"2023-08-27T22:42:09","date_gmt":"2023-08-28T01:42:09","guid":{"rendered":"http:\/\/localhost:12000\/?page_id=77209"},"modified":"2024-12-10T15:04:59","modified_gmt":"2024-12-10T18:04:59","slug":"home-2","status":"publish","type":"page","link":"https:\/\/sansuy.com.br\/en\/","title":{"rendered":"Sansuy &#8211; Ind\u00fastria de Pl\u00e1sticos"},"content":{"rendered":"<div data-elementor-type=\"wp-page\" data-elementor-id=\"77209\" class=\"elementor elementor-77209\">\n\t\t\t\t\t\t<section class=\"elementor-section elementor-top-section elementor-element elementor-element-0a758d2 elementor-section-boxed elementor-section-height-default elementor-section-height-default\" data-id=\"0a758d2\" data-element_type=\"section\">\n\t\t\t\t\t\t<div class=\"elementor-container elementor-column-gap-default\">\n\t\t\t\t\t<div class=\"elementor-column elementor-col-100 elementor-top-column elementor-element elementor-element-cf2deb7\" data-id=\"cf2deb7\" data-element_type=\"column\">\n\t\t\t<div class=\"elementor-widget-wrap\">\n\t\t\t\t\t\t\t<\/div>\n\t\t<\/div>\n\t\t\t\t\t<\/div>\n\t\t<\/section>\n\t\t\t\t<\/div>","protected":false},"excerpt":{"rendered":"","protected":false},"author":2,"featured_media":0,"parent":0,"menu_order":0,"comment_status":"closed","ping_status":"closed","template":"home-sansuy-2023.php","meta":{"_acf_changed":false,"footnotes":""},"class_list":["post-77209","page","type-page","status-publish","hentry"],"acf":[],"yoast_head":"<!-- This site is optimized with the Yoast SEO plugin v24.1 - https:\/\/yoast.com\/wordpress\/plugins\/seo\/ -->\n<title>Sansuy - Ind\u00fastria de Pl\u00e1sticos - Sansuy S.A.<\/title>\n<meta name=\"description\" content=\"Somos uma empresa criada no campo h\u00e1 mais de 50 anos, com o prop\u00f3sito de desenvolver solu\u00e7\u00f5es que ajudam o Brasil e o mundo a evoluir. A Sansuy atua em diversos segmentos do mercado, como transporte, agroneg\u00f3cio, automotivo, entre outros.\" \/>\n<meta name=\"robots\" content=\"index, follow, max-snippet:-1, max-image-preview:large, max-video-preview:-1\" \/>\n<link rel=\"canonical\" href=\"https:\/\/sansuy.com.br\/en\/\" \/>\n<meta property=\"og:locale\" content=\"en_US\" \/>\n<meta property=\"og:type\" content=\"article\" \/>\n<meta property=\"og:title\" content=\"Sansuy - Ind\u00fastria de Pl\u00e1sticos - Sansuy S.A.\" \/>\n<meta property=\"og:description\" content=\"Somos uma empresa criada no campo h\u00e1 mais de 50 anos, com o prop\u00f3sito de desenvolver solu\u00e7\u00f5es que ajudam o Brasil e o mundo a evoluir. A Sansuy atua em diversos segmentos do mercado, como transporte, agroneg\u00f3cio, automotivo, entre outros.\" \/>\n<meta property=\"og:url\" content=\"https:\/\/sansuy.com.br\/en\/\" \/>\n<meta property=\"og:site_name\" content=\"Sansuy S.A.\" \/>\n<meta property=\"article:publisher\" content=\"https:\/\/www.facebook.com\/sansuy.sa\/\" \/>\n<meta property=\"article:modified_time\" content=\"2024-12-10T18:04:59+00:00\" \/>\n<meta name=\"twitter:card\" content=\"summary_large_image\" \/>\n<!-- \/ Yoast SEO plugin. -->","yoast_head_json":{"title":"Sansuy - Ind\u00fastria de Pl\u00e1sticos - Sansuy S.A.","description":"Somos uma empresa criada no campo h\u00e1 mais de 50 anos, com o prop\u00f3sito de desenvolver solu\u00e7\u00f5es que ajudam o Brasil e o mundo a evoluir. A Sansuy atua em diversos segmentos do mercado, como transporte, agroneg\u00f3cio, automotivo, entre outros.","robots":{"index":"index","follow":"follow","max-snippet":"max-snippet:-1","max-image-preview":"max-image-preview:large","max-video-preview":"max-video-preview:-1"},"canonical":"https:\/\/sansuy.com.br\/en\/","og_locale":"en_US","og_type":"article","og_title":"Sansuy - Ind\u00fastria de Pl\u00e1sticos - Sansuy S.A.","og_description":"Somos uma empresa criada no campo h\u00e1 mais de 50 anos, com o prop\u00f3sito de desenvolver solu\u00e7\u00f5es que ajudam o Brasil e o mundo a evoluir. A Sansuy atua em diversos segmentos do mercado, como transporte, agroneg\u00f3cio, automotivo, entre outros.","og_url":"https:\/\/sansuy.com.br\/en\/","og_site_name":"Sansuy S.A.","article_publisher":"https:\/\/www.facebook.com\/sansuy.sa\/","article_modified_time":"2024-12-10T18:04:59+00:00","twitter_card":"summary_large_image","schema":{"@context":"https:\/\/schema.org","@graph":[{"@type":"WebPage","@id":"https:\/\/sansuy.com.br\/","url":"https:\/\/sansuy.com.br\/","name":"Sansuy - Ind\u00fastria de Pl\u00e1sticos - Sansuy S.A.","isPartOf":{"@id":"https:\/\/sansuy.com.br\/es\/#website"},"datePublished":"2023-08-28T01:42:09+00:00","dateModified":"2024-12-10T18:04:59+00:00","description":"Somos uma empresa criada no campo h\u00e1 mais de 50 anos, com o prop\u00f3sito de desenvolver solu\u00e7\u00f5es que ajudam o Brasil e o mundo a evoluir. A Sansuy atua em diversos segmentos do mercado, como transporte, agroneg\u00f3cio, automotivo, entre outros.","breadcrumb":{"@id":"https:\/\/sansuy.com.br\/#breadcrumb"},"inLanguage":"en-US","potentialAction":[{"@type":"ReadAction","target":["https:\/\/sansuy.com.br\/"]}]},{"@type":"BreadcrumbList","@id":"https:\/\/sansuy.com.br\/#breadcrumb","itemListElement":[{"@type":"ListItem","position":1,"name":"In\u00edcio","item":"https:\/\/sansuy.com.br\/"},{"@type":"ListItem","position":2,"name":"Sansuy &#8211; Ind\u00fastria de Pl\u00e1sticos"}]},{"@type":"WebSite","@id":"https:\/\/sansuy.com.br\/es\/#website","url":"https:\/\/sansuy.com.br\/es\/","name":"Sansuy S.A.","description":"[:pb]Ind\u00fastria de Pl\u00e1sticos[:en]Plastic Industry[:es]Industria de Pl\u00e1sticos[:]","publisher":{"@id":"https:\/\/sansuy.com.br\/es\/#organization"},"potentialAction":[{"@type":"SearchAction","target":{"@type":"EntryPoint","urlTemplate":"https:\/\/sansuy.com.br\/es\/?s={search_term_string}"},"query-input":{"@type":"PropertyValueSpecification","valueRequired":true,"valueName":"search_term_string"}}],"inLanguage":"en-US"},{"@type":"Organization","@id":"https:\/\/sansuy.com.br\/es\/#organization","name":"Sansuy S.A.","url":"https:\/\/sansuy.com.br\/es\/","logo":{"@type":"ImageObject","inLanguage":"en-US","@id":"https:\/\/sansuy.com.br\/es\/#\/schema\/logo\/image\/","url":"https:\/\/sansuy.com.br\/wp-content\/uploads\/2018\/08\/logo_pequeno-2.png","contentUrl":"https:\/\/sansuy.com.br\/wp-content\/uploads\/2018\/08\/logo_pequeno-2.png","width":250,"height":65,"caption":"Sansuy S.A."},"image":{"@id":"https:\/\/sansuy.com.br\/es\/#\/schema\/logo\/image\/"},"sameAs":["https:\/\/www.facebook.com\/sansuy.sa\/","https:\/\/www.instagram.com\/sansuy.sa\/","https:\/\/www.linkedin.com\/company\/sansuy-s-a-ind-de-plasticos","https:\/\/www.youtube.com\/channel\/UCzEnvGN-6M02PUG_qMjaRyg"]}]}},"_links":{"self":[{"href":"https:\/\/sansuy.com.br\/en\/wp-json\/wp\/v2\/pages\/77209","targetHints":{"allow":["GET"]}}],"collection":[{"href":"https:\/\/sansuy.com.br\/en\/wp-json\/wp\/v2\/pages"}],"about":[{"href":"https:\/\/sansuy.com.br\/en\/wp-json\/wp\/v2\/types\/page"}],"author":[{"embeddable":true,"href":"https:\/\/sansuy.com.br\/en\/wp-json\/wp\/v2\/users\/2"}],"replies":[{"embeddable":true,"href":"https:\/\/sansuy.com.br\/en\/wp-json\/wp\/v2\/comments?post=77209"}],"version-history":[{"count":26,"href":"https:\/\/sansuy.com.br\/en\/wp-json\/wp\/v2\/pages\/77209\/revisions"}],"predecessor-version":[{"id":77802,"href":"https:\/\/sansuy.com.br\/en\/wp-json\/wp\/v2\/pages\/77209\/revisions\/77802"}],"wp:attachment":[{"href":"https:\/\/sansuy.com.br\/en\/wp-json\/wp\/v2\/media?parent=77209"}],"curies":[{"name":"wp","href":"https:\/\/api.w.org\/{rel}","templated":true}]}}