{"id":77388,"date":"2023-10-18T22:05:17","date_gmt":"2023-10-19T01:05:17","guid":{"rendered":"https:\/\/sansuy.com.br\/?page_id=77388"},"modified":"2023-10-18T23:59:06","modified_gmt":"2023-10-19T02:59:06","slug":"eventos-sansuy","status":"publish","type":"page","link":"https:\/\/sansuy.com.br\/en\/eventos-sansuy\/","title":{"rendered":"Eventos Sansuy"},"content":{"rendered":"","protected":false},"excerpt":{"rendered":"","protected":false},"author":2,"featured_media":77391,"parent":0,"menu_order":0,"comment_status":"closed","ping_status":"closed","template":"single-eventos.php","meta":{"_acf_changed":false,"footnotes":""},"class_list":["post-77388","page","type-page","status-publish","has-post-thumbnail","hentry"],"acf":[],"yoast_head":"<!-- This site is optimized with the Yoast SEO plugin v24.1 - https:\/\/yoast.com\/wordpress\/plugins\/seo\/ -->\n<title>Eventos Sansuy - Sansuy S.A.<\/title>\n<meta name=\"robots\" content=\"index, follow, max-snippet:-1, max-image-preview:large, max-video-preview:-1\" \/>\n<link rel=\"canonical\" href=\"https:\/\/sansuy.com.br\/en\/eventos-sansuy\/\" \/>\n<meta property=\"og:locale\" content=\"en_US\" \/>\n<meta property=\"og:type\" content=\"article\" \/>\n<meta property=\"og:title\" content=\"Eventos Sansuy - Sansuy S.A.\" \/>\n<meta property=\"og:url\" content=\"https:\/\/sansuy.com.br\/en\/eventos-sansuy\/\" \/>\n<meta property=\"og:site_name\" content=\"Sansuy S.A.\" \/>\n<meta property=\"article:publisher\" content=\"https:\/\/www.facebook.com\/sansuy.sa\/\" \/>\n<meta property=\"article:modified_time\" content=\"2023-10-19T02:59:06+00:00\" \/>\n<meta property=\"og:image\" content=\"https:\/\/sansuy.com.br\/wp-content\/uploads\/2023\/10\/banner_eventos.webp\" \/>\n\t<meta property=\"og:image:width\" content=\"1920\" \/>\n\t<meta property=\"og:image:height\" content=\"1095\" \/>\n\t<meta property=\"og:image:type\" content=\"image\/webp\" \/>\n<meta name=\"twitter:card\" content=\"summary_large_image\" \/>\n<!-- \/ Yoast SEO plugin. -->","yoast_head_json":{"title":"Eventos Sansuy - Sansuy S.A.","robots":{"index":"index","follow":"follow","max-snippet":"max-snippet:-1","max-image-preview":"max-image-preview:large","max-video-preview":"max-video-preview:-1"},"canonical":"https:\/\/sansuy.com.br\/en\/eventos-sansuy\/","og_locale":"en_US","og_type":"article","og_title":"Eventos Sansuy - Sansuy S.A.","og_url":"https:\/\/sansuy.com.br\/en\/eventos-sansuy\/","og_site_name":"Sansuy S.A.","article_publisher":"https:\/\/www.facebook.com\/sansuy.sa\/","article_modified_time":"2023-10-19T02:59:06+00:00","og_image":[{"width":1920,"height":1095,"url":"https:\/\/sansuy.com.br\/wp-content\/uploads\/2023\/10\/banner_eventos.webp","type":"image\/webp"}],"twitter_card":"summary_large_image","schema":{"@context":"https:\/\/schema.org","@graph":[{"@type":"WebPage","@id":"https:\/\/sansuy.com.br\/eventos-sansuy\/","url":"https:\/\/sansuy.com.br\/eventos-sansuy\/","name":"Eventos Sansuy - Sansuy S.A.","isPartOf":{"@id":"https:\/\/sansuy.com.br\/es\/#website"},"primaryImageOfPage":{"@id":"https:\/\/sansuy.com.br\/eventos-sansuy\/#primaryimage"},"image":{"@id":"https:\/\/sansuy.com.br\/eventos-sansuy\/#primaryimage"},"thumbnailUrl":"https:\/\/sansuy.com.br\/wp-content\/uploads\/2023\/10\/banner_eventos.webp","datePublished":"2023-10-19T01:05:17+00:00","dateModified":"2023-10-19T02:59:06+00:00","breadcrumb":{"@id":"https:\/\/sansuy.com.br\/eventos-sansuy\/#breadcrumb"},"inLanguage":"en-US","potentialAction":[{"@type":"ReadAction","target":["https:\/\/sansuy.com.br\/eventos-sansuy\/"]}]},{"@type":"ImageObject","inLanguage":"en-US","@id":"https:\/\/sansuy.com.br\/eventos-sansuy\/#primaryimage","url":"https:\/\/sansuy.com.br\/wp-content\/uploads\/2023\/10\/banner_eventos.webp","contentUrl":"https:\/\/sansuy.com.br\/wp-content\/uploads\/2023\/10\/banner_eventos.webp","width":1920,"height":1095,"caption":"banner eventos"},{"@type":"BreadcrumbList","@id":"https:\/\/sansuy.com.br\/eventos-sansuy\/#breadcrumb","itemListElement":[{"@type":"ListItem","position":1,"name":"In\u00edcio","item":"https:\/\/sansuy.com.br\/"},{"@type":"ListItem","position":2,"name":"Eventos Sansuy"}]},{"@type":"WebSite","@id":"https:\/\/sansuy.com.br\/es\/#website","url":"https:\/\/sansuy.com.br\/es\/","name":"Sansuy S.A.","description":"[:pb]Ind\u00fastria de Pl\u00e1sticos[:en]Plastic Industry[:es]Industria de Pl\u00e1sticos[:]","publisher":{"@id":"https:\/\/sansuy.com.br\/es\/#organization"},"potentialAction":[{"@type":"SearchAction","target":{"@type":"EntryPoint","urlTemplate":"https:\/\/sansuy.com.br\/es\/?s={search_term_string}"},"query-input":{"@type":"PropertyValueSpecification","valueRequired":true,"valueName":"search_term_string"}}],"inLanguage":"en-US"},{"@type":"Organization","@id":"https:\/\/sansuy.com.br\/es\/#organization","name":"Sansuy S.A.","url":"https:\/\/sansuy.com.br\/es\/","logo":{"@type":"ImageObject","inLanguage":"en-US","@id":"https:\/\/sansuy.com.br\/es\/#\/schema\/logo\/image\/","url":"https:\/\/sansuy.com.br\/wp-content\/uploads\/2018\/08\/logo_pequeno-2.png","contentUrl":"https:\/\/sansuy.com.br\/wp-content\/uploads\/2018\/08\/logo_pequeno-2.png","width":250,"height":65,"caption":"Sansuy S.A."},"image":{"@id":"https:\/\/sansuy.com.br\/es\/#\/schema\/logo\/image\/"},"sameAs":["https:\/\/www.facebook.com\/sansuy.sa\/","https:\/\/www.instagram.com\/sansuy.sa\/","https:\/\/www.linkedin.com\/company\/sansuy-s-a-ind-de-plasticos","https:\/\/www.youtube.com\/channel\/UCzEnvGN-6M02PUG_qMjaRyg"]}]}},"_links":{"self":[{"href":"https:\/\/sansuy.com.br\/en\/wp-json\/wp\/v2\/pages\/77388","targetHints":{"allow":["GET"]}}],"collection":[{"href":"https:\/\/sansuy.com.br\/en\/wp-json\/wp\/v2\/pages"}],"about":[{"href":"https:\/\/sansuy.com.br\/en\/wp-json\/wp\/v2\/types\/page"}],"author":[{"embeddable":true,"href":"https:\/\/sansuy.com.br\/en\/wp-json\/wp\/v2\/users\/2"}],"replies":[{"embeddable":true,"href":"https:\/\/sansuy.com.br\/en\/wp-json\/wp\/v2\/comments?post=77388"}],"version-history":[{"count":1,"href":"https:\/\/sansuy.com.br\/en\/wp-json\/wp\/v2\/pages\/77388\/revisions"}],"predecessor-version":[{"id":77389,"href":"https:\/\/sansuy.com.br\/en\/wp-json\/wp\/v2\/pages\/77388\/revisions\/77389"}],"wp:featuredmedia":[{"embeddable":true,"href":"https:\/\/sansuy.com.br\/en\/wp-json\/wp\/v2\/media\/77391"}],"wp:attachment":[{"href":"https:\/\/sansuy.com.br\/en\/wp-json\/wp\/v2\/media?parent=77388"}],"curies":[{"name":"wp","href":"https:\/\/api.w.org\/{rel}","templated":true}]}}