{"id":2307,"date":"2018-08-22T06:55:13","date_gmt":"2018-08-22T09:55:13","guid":{"rendered":"http:\/\/localhost:12000\/?page_id=2307"},"modified":"2024-05-14T13:00:20","modified_gmt":"2024-05-14T16:00:20","slug":"sansuy","status":"publish","type":"page","link":"https:\/\/sansuy.com.br\/es\/sansuy\/","title":{"rendered":"Quem Somos"},"content":{"rendered":"<div class=\"section-title-categoria-produto section-title-titulo-pagina-interna col-xs-12\">\n<h1 class=\"section-categoria-subtitulo-sansuy text-center\">Sansuy, h\u00e1 mais de<br \/>\n<b>50 anos<\/b><\/h1>\n<div class=\"section-desc text-center\">\n<p>CRESCENDO COM O <strong class=\"destaque_1\">BRASIL<\/strong> EM DIVERSOS MERCADOS<\/p>\n<\/div>\n<\/div>\n<p>Diante do cen\u00e1rio das grandes transforma\u00e7\u00f5es que marcaram a d\u00e9cada de 60, foi fundada a Sansuy em 1966, por imigrantes japoneses dedicados a agricultura.<\/p>\n<p>Desde o in\u00edcio de sua trajet\u00f3ria, a Sansuy, uma empresa 100% brasileira, \u00e9 movida pela determina\u00e7\u00e3o de criar solu\u00e7\u00f5es. O primeiro passo foi o desenvolvimento das mangueiras de alta press\u00e3o para a pulveriza\u00e7\u00e3o agr\u00edcola. Ao longo do tempo, com o aumento dos seus investimentos em tecnologia e estrutura, passou a atender v\u00e1rios setores da ind\u00fastria. Assim, independente dos desafios impostos pelo mercado, seguiu em frente.<\/p>\n<p>Atualmente conta com a capacidade produtiva de 38.000 toneladas\/ano, unidades industriais em S\u00e3o Paulo e na Bahia.<\/p>\n<p>O resultado de todo seu empenho \u00e9 a conquista de importantes certifica\u00e7\u00f5es como ISO 9001:2015 e IATF 16949:2016, a lideran\u00e7a na Am\u00e9rica do Sul na fabrica\u00e7\u00e3o de laminados de PVC (Policloreto de Vinila) e o aumento de suas exporta\u00e7\u00f5es.<\/p>\n<p>Presente na preserva\u00e7\u00e3o do meio ambiente, no agroneg\u00f3cio, no transporte, na constru\u00e7\u00e3o civil, na minera\u00e7\u00e3o, na ind\u00fastria automobil\u00edstica, no lazer, na comunica\u00e7\u00e3o visual e em muitos outros setores da economia, a Sansuy j\u00e1 faz parte do dia a dia de milh\u00f5es de pessoas em todo o mundo.<\/p>\n<p>&nbsp;<\/p>\n<p><img fetchpriority=\"high\" decoding=\"async\" class=\"aligncenter wp-image-4825 size-full\" src=\"https:\/\/sansuy.com.br\/wp-content\/uploads\/2019\/10\/mandala.jpg\" alt=\"mandala\" width=\"1110\" height=\"610\" srcset=\"https:\/\/sansuy.com.br\/wp-content\/uploads\/2019\/10\/mandala.jpg 1110w, https:\/\/sansuy.com.br\/wp-content\/uploads\/2019\/10\/mandala-300x165.jpg 300w, https:\/\/sansuy.com.br\/wp-content\/uploads\/2019\/10\/mandala-768x422.jpg 768w, https:\/\/sansuy.com.br\/wp-content\/uploads\/2019\/10\/mandala-1024x563.jpg 1024w\" sizes=\"(max-width: 1110px) 100vw, 1110px\" \/><\/p>\n<div class=\"w-100\"><\/div>\n<hr \/>\n<div class=\"container\">\n<div class=\"row\">\n<div class=\"col-lg-3 col-sm-6 wow slideInUp\" style=\"visibility: visible; animation-name: slideInUp;\">\n<h3 class=\"h3-pagina-interna\">Vis\u00e3o<\/h3>\n<p class=\"text-int-3\">Atingir a excel\u00eancia empresarial ampliando a confian\u00e7a dos investidores, clientes, colaboradores, fornecedores e comunidade.<\/p>\n<\/div>\n<div class=\"col-lg-3 col-sm-6 wow slideInUp\" style=\"visibility: visible; animation-name: slideInUp;\">\n<h3 class=\"h3-pagina-interna\">Miss\u00e3o<\/h3>\n<p class=\"text-int-3\">Ser a empresa refer\u00eancia nos mercados em que atua, fornecendo produtos e servi\u00e7os adequados as necessidades dos seus clientes.<\/p>\n<\/div>\n<div class=\"col-lg-3 col-sm-6 wow slideInUp\" style=\"visibility: visible; animation-name: slideInUp;\">\n<h3 class=\"h3-pagina-interna\">Valores<\/h3>\n<p class=\"text-int-3\">\u00c9tica;\u00a0Credibilidade; Responsabilidade; Valoriza\u00e7\u00e3o do ser humano; Pioneirismo; Inova\u00e7\u00e3o e Empreendedorismo.<\/p>\n<\/div>\n<div class=\"col-lg-3 col-sm-6 wow slideInUp\" style=\"visibility: visible; animation-name: slideInUp;\">\n<h3 class=\"h3-pagina-interna\">V\u00eddeo institucional<\/h3>\n<p class=\"text-int-3\"><img decoding=\"async\" class=\"sansuy-lightbox-video-btn alignnone wp-image-77682 size-full\" src=\"https:\/\/sansuy.com.br\/wp-content\/uploads\/2024\/05\/btn_video-copy.webp\" alt=\"\" width=\"400\" height=\"219\" srcset=\"https:\/\/sansuy.com.br\/wp-content\/uploads\/2024\/05\/btn_video-copy.webp 400w, https:\/\/sansuy.com.br\/wp-content\/uploads\/2024\/05\/btn_video-copy-300x164.webp 300w, https:\/\/sansuy.com.br\/wp-content\/uploads\/2024\/05\/btn_video-copy-18x10.webp 18w\" sizes=\"(max-width: 400px) 100vw, 400px\" \/><\/p>\n<div class=\"container-iframe-video-source-lightbox\"><iframe class=\"iframe-video-source-lightbox\" src=\"https:\/\/www.youtube.com\/embed\/DMV8o1JAPBk\" width=\"720\" height=\"480\" frameborder=\"0\" scrolling=\"auto\"><\/iframe><\/div>\n<\/div>\n<\/div>\n<\/div>","protected":false},"excerpt":{"rendered":"<p>Sansuy, h\u00e1 mais de 50 anos CRESCENDO COM O BRASIL EM DIVERSOS MERCADOS Diante do cen\u00e1rio das grandes transforma\u00e7\u00f5es que marcaram a d\u00e9cada de 60, foi fundada a Sansuy em &#8230;<\/p>","protected":false},"author":2,"featured_media":4638,"parent":0,"menu_order":0,"comment_status":"closed","ping_status":"closed","template":"","meta":{"_acf_changed":false,"footnotes":""},"class_list":["post-2307","page","type-page","status-publish","has-post-thumbnail","hentry"],"acf":[],"yoast_head":"<!-- This site is optimized with the Yoast SEO plugin v24.1 - https:\/\/yoast.com\/wordpress\/plugins\/seo\/ -->\n<title>Quem Somos - Sansuy S.A.<\/title>\n<meta name=\"description\" content=\"Diante do cen\u00e1rio das grandes transforma\u00e7\u00f5es que marcaram a d\u00e9cada de 60, foi fundada a Sansuy em 1966, por imigrantes japoneses dedicados a agricultura.\" \/>\n<meta name=\"robots\" content=\"index, follow, max-snippet:-1, max-image-preview:large, max-video-preview:-1\" \/>\n<link rel=\"canonical\" href=\"https:\/\/sansuy.com.br\/es\/sansuy\/\" \/>\n<meta property=\"og:locale\" content=\"es_ES\" \/>\n<meta property=\"og:type\" content=\"article\" \/>\n<meta property=\"og:title\" content=\"Quem Somos - Sansuy S.A.\" \/>\n<meta property=\"og:description\" content=\"Diante do cen\u00e1rio das grandes transforma\u00e7\u00f5es que marcaram a d\u00e9cada de 60, foi fundada a Sansuy em 1966, por imigrantes japoneses dedicados a agricultura.\" \/>\n<meta property=\"og:url\" content=\"https:\/\/sansuy.com.br\/es\/sansuy\/\" \/>\n<meta property=\"og:site_name\" content=\"Sansuy S.A.\" \/>\n<meta property=\"article:publisher\" content=\"https:\/\/www.facebook.com\/sansuy.sa\/\" \/>\n<meta property=\"article:modified_time\" content=\"2024-05-14T16:00:20+00:00\" \/>\n<meta property=\"og:image\" content=\"https:\/\/sansuy.com.br\/wp-content\/uploads\/2019\/09\/sansuy-1.jpg\" \/>\n\t<meta property=\"og:image:width\" content=\"1920\" \/>\n\t<meta property=\"og:image:height\" content=\"1095\" \/>\n\t<meta property=\"og:image:type\" content=\"image\/jpeg\" \/>\n<meta name=\"twitter:card\" content=\"summary_large_image\" \/>\n<meta name=\"twitter:label1\" content=\"Tiempo de lectura\" \/>\n\t<meta name=\"twitter:data1\" content=\"4 minutos\" \/>\n<!-- \/ Yoast SEO plugin. -->","yoast_head_json":{"title":"Quem Somos - Sansuy S.A.","description":"Diante do cen\u00e1rio das grandes transforma\u00e7\u00f5es que marcaram a d\u00e9cada de 60, foi fundada a Sansuy em 1966, por imigrantes japoneses dedicados a agricultura.","robots":{"index":"index","follow":"follow","max-snippet":"max-snippet:-1","max-image-preview":"max-image-preview:large","max-video-preview":"max-video-preview:-1"},"canonical":"https:\/\/sansuy.com.br\/es\/sansuy\/","og_locale":"es_ES","og_type":"article","og_title":"Quem Somos - Sansuy S.A.","og_description":"Diante do cen\u00e1rio das grandes transforma\u00e7\u00f5es que marcaram a d\u00e9cada de 60, foi fundada a Sansuy em 1966, por imigrantes japoneses dedicados a agricultura.","og_url":"https:\/\/sansuy.com.br\/es\/sansuy\/","og_site_name":"Sansuy S.A.","article_publisher":"https:\/\/www.facebook.com\/sansuy.sa\/","article_modified_time":"2024-05-14T16:00:20+00:00","og_image":[{"width":1920,"height":1095,"url":"https:\/\/sansuy.com.br\/wp-content\/uploads\/2019\/09\/sansuy-1.jpg","type":"image\/jpeg"}],"twitter_card":"summary_large_image","twitter_misc":{"Tiempo de lectura":"4 minutos"},"schema":{"@context":"https:\/\/schema.org","@graph":[{"@type":"WebPage","@id":"https:\/\/sansuy.com.br\/sansuy\/","url":"https:\/\/sansuy.com.br\/sansuy\/","name":"Quem Somos - Sansuy S.A.","isPartOf":{"@id":"https:\/\/sansuy.com.br\/es\/#website"},"primaryImageOfPage":{"@id":"https:\/\/sansuy.com.br\/sansuy\/#primaryimage"},"image":{"@id":"https:\/\/sansuy.com.br\/sansuy\/#primaryimage"},"thumbnailUrl":"https:\/\/sansuy.com.br\/wp-content\/uploads\/2019\/09\/sansuy-1.jpg","datePublished":"2018-08-22T09:55:13+00:00","dateModified":"2024-05-14T16:00:20+00:00","description":"Diante do cen\u00e1rio das grandes transforma\u00e7\u00f5es que marcaram a d\u00e9cada de 60, foi fundada a Sansuy em 1966, por imigrantes japoneses dedicados a agricultura.","breadcrumb":{"@id":"https:\/\/sansuy.com.br\/sansuy\/#breadcrumb"},"inLanguage":"es","potentialAction":[{"@type":"ReadAction","target":["https:\/\/sansuy.com.br\/sansuy\/"]}]},{"@type":"ImageObject","inLanguage":"es","@id":"https:\/\/sansuy.com.br\/sansuy\/#primaryimage","url":"https:\/\/sansuy.com.br\/wp-content\/uploads\/2019\/09\/sansuy-1.jpg","contentUrl":"https:\/\/sansuy.com.br\/wp-content\/uploads\/2019\/09\/sansuy-1.jpg","width":1920,"height":1095,"caption":"sansuy"},{"@type":"BreadcrumbList","@id":"https:\/\/sansuy.com.br\/sansuy\/#breadcrumb","itemListElement":[{"@type":"ListItem","position":1,"name":"In\u00edcio","item":"https:\/\/sansuy.com.br\/"},{"@type":"ListItem","position":2,"name":"Quem Somos"}]},{"@type":"WebSite","@id":"https:\/\/sansuy.com.br\/es\/#website","url":"https:\/\/sansuy.com.br\/es\/","name":"Sansuy S.A.","description":"[:pb]Ind\u00fastria de Pl\u00e1sticos[:en]Plastic Industry[:es]Industria de Pl\u00e1sticos[:]","publisher":{"@id":"https:\/\/sansuy.com.br\/es\/#organization"},"potentialAction":[{"@type":"SearchAction","target":{"@type":"EntryPoint","urlTemplate":"https:\/\/sansuy.com.br\/es\/?s={search_term_string}"},"query-input":{"@type":"PropertyValueSpecification","valueRequired":true,"valueName":"search_term_string"}}],"inLanguage":"es"},{"@type":"Organization","@id":"https:\/\/sansuy.com.br\/es\/#organization","name":"Sansuy S.A.","url":"https:\/\/sansuy.com.br\/es\/","logo":{"@type":"ImageObject","inLanguage":"es","@id":"https:\/\/sansuy.com.br\/es\/#\/schema\/logo\/image\/","url":"https:\/\/sansuy.com.br\/wp-content\/uploads\/2018\/08\/logo_pequeno-2.png","contentUrl":"https:\/\/sansuy.com.br\/wp-content\/uploads\/2018\/08\/logo_pequeno-2.png","width":250,"height":65,"caption":"Sansuy S.A."},"image":{"@id":"https:\/\/sansuy.com.br\/es\/#\/schema\/logo\/image\/"},"sameAs":["https:\/\/www.facebook.com\/sansuy.sa\/","https:\/\/www.instagram.com\/sansuy.sa\/","https:\/\/www.linkedin.com\/company\/sansuy-s-a-ind-de-plasticos","https:\/\/www.youtube.com\/channel\/UCzEnvGN-6M02PUG_qMjaRyg"]}]}},"_links":{"self":[{"href":"https:\/\/sansuy.com.br\/es\/wp-json\/wp\/v2\/pages\/2307","targetHints":{"allow":["GET"]}}],"collection":[{"href":"https:\/\/sansuy.com.br\/es\/wp-json\/wp\/v2\/pages"}],"about":[{"href":"https:\/\/sansuy.com.br\/es\/wp-json\/wp\/v2\/types\/page"}],"author":[{"embeddable":true,"href":"https:\/\/sansuy.com.br\/es\/wp-json\/wp\/v2\/users\/2"}],"replies":[{"embeddable":true,"href":"https:\/\/sansuy.com.br\/es\/wp-json\/wp\/v2\/comments?post=2307"}],"version-history":[{"count":16,"href":"https:\/\/sansuy.com.br\/es\/wp-json\/wp\/v2\/pages\/2307\/revisions"}],"predecessor-version":[{"id":77683,"href":"https:\/\/sansuy.com.br\/es\/wp-json\/wp\/v2\/pages\/2307\/revisions\/77683"}],"wp:featuredmedia":[{"embeddable":true,"href":"https:\/\/sansuy.com.br\/es\/wp-json\/wp\/v2\/media\/4638"}],"wp:attachment":[{"href":"https:\/\/sansuy.com.br\/es\/wp-json\/wp\/v2\/media?parent=2307"}],"curies":[{"name":"wp","href":"https:\/\/api.w.org\/{rel}","templated":true}]}}