{"id":27314,"date":"2021-05-13T15:23:56","date_gmt":"2021-05-13T18:23:56","guid":{"rendered":"https:\/\/sansuy.com.br\/?page_id=27314"},"modified":"2023-10-18T11:17:39","modified_gmt":"2023-10-18T14:17:39","slug":"codigo-de-etica-e-conduta","status":"publish","type":"page","link":"https:\/\/sansuy.com.br\/es\/codigo-de-etica-e-conduta\/","title":{"rendered":"C\u00f3digo de \u00c9tica e Conduta"},"content":{"rendered":"<p>&nbsp;<\/p>\r\n\r\n\r\n\r\n<h2 class=\"wp-block-heading\">C\u00f3digo de \u00e9tica e conduta<\/h2>\r\n\r\n\r\n\r\n<p>Este documento da SANSUY S\/A IND\u00daSTRIA DE PL\u00c1STICOS, doravante \u201cSansuy\u201d, representa nossa preocupa\u00e7\u00e3o e esfor\u00e7o em estabelecer padr\u00f5es de \u00e9tica e conduta a serem adotados por todos aqueles que representam a empresa, tanto nas rela\u00e7\u00f5es internas quanto nas externas.<\/p>\r\n\r\n\r\n\r\n<p>Temos o orgulho de conduzir nosso neg\u00f3cio a partir do pensamento \u00e9tico, conscientes do papel que desempenhamos na sociedade. Por isso \u00e9 fundamental o entendimento e a aplica\u00e7\u00e3o do que prop\u00f5e este c\u00f3digo por parte de nossos colaboradores.<\/p>\r\n\r\n\r\n\r\n<p>Voc\u00ea faz parte de um grupo de pessoas que ajudam a Sansuy a atingir os seus objetivos comerciais e sociais. Contamos com voc\u00ea para garantir que nossas rela\u00e7\u00f5es transcorram dentro dos preceitos transcritos neste C\u00f3digo de \u00c9tica e Conduta.<\/p>\r\n\r\n\r\n\r\n<ol class=\"wp-block-list\">\r\n<li><strong>OBJETIVO<\/strong><\/li>\r\n<\/ol>\r\n\r\n\r\n\r\n<p>Para se construir e manter uma grande empresa \u00e9 preciso muito mais do que recursos, m\u00e1quinas, equipamentos e instala\u00e7\u00f5es. \u00c9 necess\u00e1rio contar com pessoas. Preocupado em nortear nossas a\u00e7\u00f5es, garantindo que as rela\u00e7\u00f5es entre as pessoas transcorram dentro de princ\u00edpios \u00e9ticos, a Sansuy decide criar e divulgar este c\u00f3digo.<\/p>\r\n\r\n\r\n\r\n<ol class=\"wp-block-list\" start=\"2\">\r\n<li><strong>ABRANG\u00caNCIA<\/strong><\/li>\r\n<\/ol>\r\n\r\n\r\n\r\n<p>A Sansuy espera que as rela\u00e7\u00f5es com fornecedores, colaboradores, clientes, empresas concorrentes, autoridades p\u00fablicas, comunidade e prestadores de servi\u00e7os sejam abrangidas por este c\u00f3digo de \u00e9tica e conduta, que estabelece os princ\u00edpios morais a serem observados em nossos contatos.<\/p>\r\n\r\n\r\n\r\n<ol class=\"wp-block-list\" start=\"3\">\r\n<li><strong>VALORES<\/strong><\/li>\r\n<\/ol>\r\n\r\n\r\n\r\n<p>A Sansuy adota como valores:<\/p>\r\n\r\n\r\n\r\n<ul class=\"wp-block-list\">\r\n<li>\u00c9tica;<\/li>\r\n<li>Credibilidade;<\/li>\r\n<li>Responsabilidade;<\/li>\r\n<li>Valoriza\u00e7\u00e3o do ser humano;<\/li>\r\n<li>Pioneirismo;<\/li>\r\n<li>Inova\u00e7\u00e3o;<\/li>\r\n<li>Empreendedorismo; e<\/li>\r\n<li>Compromisso com a comunidade.<\/li>\r\n<\/ul>\r\n\r\n\r\n\r\n<ol class=\"wp-block-list\" start=\"4\">\r\n<li><strong>RELACIONAMENTO COM FORNECEDORES<\/strong><\/li>\r\n<\/ol>\r\n\r\n\r\n\r\n<p>Todos aqueles que fornecem, direta ou indiretamente, mercadorias, mat\u00e9ria-prima, insumos, equipamentos, materiais ou servi\u00e7os, s\u00e3o denominados como fornecedores.<\/p>\r\n\r\n\r\n\r\n<p>A Sansuy entende que a parceria com estes fornecedores \u00e9 fundamental para o sucesso\u00a0m\u00fatuo nos neg\u00f3cios. N\u00e3o se admite que os funcion\u00e1rios encarregados das negocia\u00e7\u00f5es\u00a0naturais neste tipo de rela\u00e7\u00e3o, recebam qualquer vantagem no exerc\u00edcio desta fun\u00e7\u00e3o,\u00a0ainda que indiretas, tais como:<\/p>\r\n\r\n\r\n\r\n<ul class=\"wp-block-list\">\r\n<li>Patroc\u00ednio de passeios, viagens nacionais e internacionais, de lazer, ainda que de curta dura\u00e7\u00e3o;<\/li>\r\n<li>Patroc\u00ednio de almo\u00e7os, jantares, churrascos, festas, confraterniza\u00e7\u00f5es ou similares, por iniciativa do fornecedor ou de terceiros, sob qualquer pretexto, com pagamento em dinheiro, mercadoria ou qualquer outra forma.<\/li>\r\n<\/ul>\r\n\r\n\r\n\r\n<p>Se voc\u00ea precisa negociar com fornecedores e prestadores de servi\u00e7os, fa\u00e7a-o de prefer\u00eancia nas depend\u00eancias da\u00a0empresa. Prefira n\u00e3o sair para almo\u00e7ar com fornecedores, mas se o fizer, avise seu superior\u00a0e lembre-se: cada um deve pagar sua conta. Benef\u00edcios relacionados a volumes de\u00a0compras, negocia\u00e7\u00f5es ou condi\u00e7\u00f5es especiais devem ser documentados e imputados\u00a0\u00e0companhia que decidir\u00e1 sobre o melhor aproveitamento a ser dado a tais benef\u00edcios.<\/p>\r\n\r\n\r\n\r\n<ol class=\"wp-block-list\" start=\"5\">\r\n<li><strong>RELACIONAMENTO COM COLABORADORES<\/strong><\/li>\r\n<\/ol>\r\n\r\n\r\n\r\n<p>A Sansuy orgulha-se de seus colaboradores e sabe que depende deles para continuar a atingir os seus objetivos.<\/p>\r\n\r\n\r\n\r\n<p>A Sansuy se compromete em proporcionar a todos, independentemente da posi\u00e7\u00e3o hier\u00e1rquica, um bom ambiente de trabalho, garantindo o respeito m\u00fatuo e dando exemplo de uma postura r\u00edgida, mas cordial. O respeito ao colaborador, al\u00e9m de ser disseminado atrav\u00e9s de gestos e a\u00e7\u00f5es no trato pessoal, tamb\u00e9m se dar\u00e1 atrav\u00e9s do cumprimento da legisla\u00e7\u00e3o trabalhista e dos acordos sindicais.<\/p>\r\n\r\n\r\n\r\n<p>O bom desempenho do colaborador ser\u00e1 cobrado e avaliado. O teor das avalia\u00e7\u00f5es daquele desempenho ser\u00e1 comunicado ao colaborador de forma clara, r\u00e1pida e transparente.<\/p>\r\n\r\n\r\n\r\n<p>A organiza\u00e7\u00e3o se empenha em reconhecer e desenvolver os seus talentos, oferecendo treinamento, a seu crit\u00e9rio, bem como condi\u00e7\u00f5es para o crescimento profissional.<\/p>\r\n\r\n\r\n\r\n<p>O uso dos equipamentos de prote\u00e7\u00e3o individual (EPI\u00b4s), distribu\u00eddos aos colaboradores, \u00e9 obrigat\u00f3rio e exigido com a finalidade de preservar a sa\u00fade e a integridade f\u00edsica, minimizando riscos.<\/p>\r\n\r\n\r\n\r\n<p>A Sansuy repudia discrimina\u00e7\u00e3o relativa \u00e0 ra\u00e7a, sexo, credo religioso, prefer\u00eancia sexual ou de qualquer natureza.<\/p>\r\n\r\n\r\n\r\n<ol class=\"wp-block-list\" start=\"6\">\r\n<li><strong>RELACIONAMENTO COM CLIENTES<\/strong><\/li>\r\n<\/ol>\r\n\r\n\r\n\r\n<p>Ao longo de sua exist\u00eancia, a Sansuy construiu um s\u00f3lido relacionamento com seus clientes, sem o qual n\u00e3o alcan\u00e7aria a posi\u00e7\u00e3o que possui hoje. O respeito que a Sansuy tem com os seus clientes se traduz nas pr\u00e1ticas de fabrica\u00e7\u00e3o de seus produtos, que visam oferecer um produto com qualidade igual ou superior \u00e0quele idealizado pelo cliente.<\/p>\r\n\r\n\r\n\r\n<p>A Sansuy n\u00e3o comercializa produtos que apresentam qualquer caracter\u00edstica que os coloquem em desacordo com a legisla\u00e7\u00e3o.<\/p>\r\n\r\n\r\n\r\n<ol class=\"wp-block-list\" start=\"7\">\r\n<li><strong>RELACIONAMENTO COM CONCORRENTES<\/strong><\/li>\r\n<\/ol>\r\n\r\n\r\n\r\n<p>A Sansuy considera que a concorr\u00eancia \u00e9 o modo mais saud\u00e1vel para for\u00e7ar o avan\u00e7o das empresas, permitindo que elas conquistem melhorias e as ofere\u00e7am aos clientes.<\/p>\r\n\r\n\r\n\r\n<p>A Sansuy trata seus concorrentes com respeito, n\u00e3o obt\u00e9m informa\u00e7\u00f5es por meios ilegais e condena esta pr\u00e1tica. Nenhum colaborador da Sansuy est\u00e1 autorizado a divulgar informa\u00e7\u00f5es internas, por qualquer meio, sem o conhecimento, consentimento e autoriza\u00e7\u00e3o pr\u00e9via da diretoria.<\/p>\r\n\r\n\r\n\r\n<p>Da mesma forma, a Sansuy n\u00e3o se interessa em receber informa\u00e7\u00f5es ou documentos confidenciais da concorr\u00eancia, quer atrav\u00e9s de seus colaboradores ou por qualquer outro meio.<\/p>\r\n\r\n\r\n\r\n<p>A Sansuy enfrenta seus concorrentes com a for\u00e7a de suas a\u00e7\u00f5es e pela sua compet\u00eancia.<\/p>\r\n\r\n\r\n\r\n<p>Quem faz esta compet\u00eancia \u00e9 voc\u00ea.<\/p>\r\n\r\n\r\n\r\n<ol class=\"wp-block-list\" start=\"8\">\r\n<li>\u00a0<strong>RELACIONAMENTO COM AUTORIDADES P\u00daBLICAS<\/strong><\/li>\r\n<\/ol>\r\n\r\n\r\n\r\n<p>No exerc\u00edcio de suas atividades, a Sansuy cumpre a lei e exige o mesmo de seus colaboradores e dirigentes. Todos os documentos de cunho p\u00fablico est\u00e3o \u00e0 disposi\u00e7\u00e3o das autoridades e ser\u00e3o apresentados pela Sansuy aos servidores que se identificarem devidamente, como determina a lei. O atendimento de fiscais, auditores, delegados, inspetores, ou funcion\u00e1rios p\u00fablicos de qualquer natureza, devem ser conduzidos atrav\u00e9s da diretoria, que designar\u00e1 um colaborador apto a fornecer as informa\u00e7\u00f5es documentos ou registros pertinentes.<\/p>\r\n\r\n\r\n\r\n<p>Receba as autoridades com respeito.<\/p>\r\n\r\n\r\n\r\n<p>Gentilmente, pe\u00e7a para que se identifique e ent\u00e3o avise seu superior.<\/p>\r\n\r\n\r\n\r\n<ol class=\"wp-block-list\" start=\"9\">\r\n<li>\u00a0<strong>RELACIONAMENTO COM A COMUNIDADE<\/strong><\/li>\r\n<\/ol>\r\n\r\n\r\n\r\n<p>A Sansuy, na medida do poss\u00edvel, tenta auxiliar na contribui\u00e7\u00e3o para a melhoria das condi\u00e7\u00f5es de vida da comunidade onde est\u00e1 inserida.<\/p>\r\n\r\n\r\n\r\n<p>Nenhum colaborador da Sansuy est\u00e1 autorizado a pedir aux\u00edlio em nome de a\u00e7\u00f5es comunit\u00e1rias a fornecedores, clientes, autoridades ou a outrem.<\/p>\r\n\r\n\r\n\r\n<p>A Sansuy n\u00e3o se envolver\u00e1 e nem apoiar\u00e1 campanhas ou partidos pol\u00edticos.<\/p>\r\n\r\n\r\n\r\n<ol class=\"wp-block-list\" start=\"10\">\r\n<li><strong>PRESTADORES DE SERVI\u00c7OS<\/strong><\/li>\r\n<\/ol>\r\n\r\n\r\n\r\n<p>Os prestadores de servi\u00e7os da Sansuy s\u00e3o encarados como fornecedores e, nesta condi\u00e7\u00e3o, devem cumprir este c\u00f3digo de \u00e9tica.<\/p>\r\n\r\n\r\n\r\n<ol class=\"wp-block-list\" start=\"11\">\r\n<li><strong>RESPEITO AO MEIO AMBIENTE<\/strong><\/li>\r\n<\/ol>\r\n\r\n\r\n\r\n<p>A Sansuy respeita o meio ambiente e exige de seus colaboradores uma conduta sustent\u00e1vel, de forma a n\u00e3o exaurir os recursos naturais.<\/p>\r\n\r\n\r\n\r\n<p>Os materiais recicl\u00e1veis ser\u00e3o utilizados prioritariamente, sempre que se mostrarem vi\u00e1veis.<\/p>\r\n\r\n\r\n\r\n<p>A condu\u00e7\u00e3o e o descarte dos res\u00edduos se processam de forma respons\u00e1vel, mesmo que a lei n\u00e3o fa\u00e7a qualquer exig\u00eancia a este respeito.<\/p>\r\n\r\n\r\n\r\n<p>Na escolha de seus parceiros e fornecedores, a Sansuy d\u00e1 prioridade \u00e0queles que agem de forma respons\u00e1vel com o meio ambiente.<\/p>\r\n\r\n\r\n\r\n<ol class=\"wp-block-list\" start=\"12\">\r\n<li><strong>VIOLA\u00c7\u00d5ES AO C\u00d3DIGO DE \u00c9TICA E CONDUTA<\/strong><\/li>\r\n<\/ol>\r\n\r\n\r\n\r\n<p>A cultura de uma empresa \u00e9 criada ao longo de sua evolu\u00e7\u00e3o e est\u00e1 alicer\u00e7ada na conduta de seus colaboradores. O cumprimento deste c\u00f3digo reflete o compromisso com os nossos valores. Situa\u00e7\u00f5es que configurem viola\u00e7\u00f5es a este C\u00f3digo de \u00c9tica e Conduta sujeitam os colaboradores \u00e0s a\u00e7\u00f5es disciplinares previstas nas leis trabalhistas, civis e penais, podendo culminar no desligamento, inclusive por justa causa, ou abertura de processo legal.<\/p>\r\n\r\n\r\n\r\n<p><strong>13. CANAL DE LINHA \u00c9TICA<\/strong><\/p>\r\n\r\n\r\n\r\n<p>A Sansuy disponibiliza a qualquer pessoa o \u201cCanal de Linha \u00c9tica\u201d para den\u00fancia an\u00f4nima de atos que aparentem ou representem viola\u00e7\u00e3o a esta C\u00f3digo de \u00c9tica e Conduta, o qual poder\u00e1 ser acessado atrav\u00e9s do site\u00a0<a href=\"https:\/\/sansuy.com.br\/es\/\">www.sansuy.com.br<\/a><\/p>\r\n\r\n\r\n\r\n<p><strong>14. RESPONSABILIDADE<\/strong><\/p>\r\n\r\n\r\n\r\n<p>Para garantir dissemina\u00e7\u00e3o, interpreta\u00e7\u00e3o e aplica\u00e7\u00e3o do C\u00f3digo de \u00c9tica e Conduta, foram\u00a0definidas as responsabilidades dos envolvidos:<\/p>\r\n\r\n\r\n\r\n<p><strong>Lideran\u00e7as (Diretoria, Ger\u00eancia, Chefia e Encarregados):<\/strong><\/p>\r\n\r\n\r\n\r\n<ul class=\"wp-block-list\">\r\n<li>Ser exemplo com a\u00e7\u00f5es \u00e9ticas;<\/li>\r\n<li>Interpretar, divulgar, orientar e fazer cumprir o C\u00f3digo de \u00c9tica e Conduta;<\/li>\r\n<li>Comunicar a Diretoria sobre viola\u00e7\u00f5es ao C\u00f3digo de \u00c9tica e Conduta.<\/li>\r\n<\/ul>\r\n\r\n\r\n\r\n<p><strong>Recursos Humanos:<\/strong><\/p>\r\n\r\n\r\n\r\n<ul class=\"wp-block-list\">\r\n<li>Realizar a divulga\u00e7\u00e3o e o esclarecimento de d\u00favidas sobre o C\u00f3digo de \u00c9tica e Conduta;<\/li>\r\n<li>Realizar desfecho para casos de viola\u00e7\u00f5es ao C\u00f3digo de \u00c9tica e Conduta.<\/li>\r\n<\/ul>\r\n\r\n\r\n\r\n<ol class=\"wp-block-list\" start=\"15\">\r\n<li><strong>ENCERRAMENTO<\/strong><\/li>\r\n<\/ol>\r\n\r\n\r\n\r\n<p>Este C\u00f3digo de \u00c9tica re\u00fane as diretrizes do nosso neg\u00f3cio, e muito mais do que isto; das nossas\u00a0atitudes em respeito a todos aqueles que direta ou indiretamente nos relacionamos.<\/p>\r\n\r\n\r\n\r\n<p>Quest\u00f5es n\u00e3o exploradas em seu conte\u00fado ser\u00e3o tratadas como excepcionais, sendo encaminhadas \u00e0 Diretoria e ao Departamento de Recursos Humanos, que agir\u00e3o de acordo com os princ\u00edpios da companhia.<\/p>\r\n\r\n\r\n\r\n<p>&nbsp;<\/p>","protected":false},"excerpt":{"rendered":"<p>&nbsp; C\u00f3digo de \u00e9tica e conduta Este documento da SANSUY S\/A IND\u00daSTRIA DE PL\u00c1STICOS, doravante \u201cSansuy\u201d, representa nossa preocupa\u00e7\u00e3o e esfor\u00e7o em estabelecer padr\u00f5es de \u00e9tica e conduta a serem &#8230;<\/p>","protected":false},"author":7,"featured_media":0,"parent":0,"menu_order":0,"comment_status":"closed","ping_status":"closed","template":"","meta":{"_acf_changed":false,"footnotes":""},"class_list":["post-27314","page","type-page","status-publish","hentry"],"acf":[],"yoast_head":"<!-- This site is optimized with the Yoast SEO plugin v24.1 - https:\/\/yoast.com\/wordpress\/plugins\/seo\/ -->\n<title>C\u00f3digo de \u00c9tica e Conduta - Sansuy S.A.<\/title>\n<meta name=\"description\" content=\"Este documento representa nossa preocupa\u00e7\u00e3o e esfor\u00e7o em estabelecer padr\u00f5es de \u00e9tica e conduta a serem adotados por todos\" \/>\n<meta name=\"robots\" content=\"index, follow, max-snippet:-1, max-image-preview:large, max-video-preview:-1\" \/>\n<link rel=\"canonical\" href=\"https:\/\/sansuy.com.br\/es\/codigo-de-etica-e-conduta\/\" \/>\n<meta property=\"og:locale\" content=\"es_ES\" \/>\n<meta property=\"og:type\" content=\"article\" \/>\n<meta property=\"og:title\" content=\"C\u00f3digo de \u00c9tica e Conduta - Sansuy S.A.\" \/>\n<meta property=\"og:description\" content=\"Este documento representa nossa preocupa\u00e7\u00e3o e esfor\u00e7o em estabelecer padr\u00f5es de \u00e9tica e conduta a serem adotados por todos\" \/>\n<meta property=\"og:url\" content=\"https:\/\/sansuy.com.br\/es\/codigo-de-etica-e-conduta\/\" \/>\n<meta property=\"og:site_name\" content=\"Sansuy S.A.\" \/>\n<meta property=\"article:publisher\" content=\"https:\/\/www.facebook.com\/sansuy.sa\/\" \/>\n<meta property=\"article:modified_time\" content=\"2023-10-18T14:17:39+00:00\" \/>\n<meta name=\"twitter:card\" content=\"summary_large_image\" \/>\n<meta name=\"twitter:label1\" content=\"Tiempo de lectura\" \/>\n\t<meta name=\"twitter:data1\" content=\"17 minutos\" \/>\n<!-- \/ Yoast SEO plugin. -->","yoast_head_json":{"title":"C\u00f3digo de \u00c9tica e Conduta - Sansuy S.A.","description":"Este documento representa nossa preocupa\u00e7\u00e3o e esfor\u00e7o em estabelecer padr\u00f5es de \u00e9tica e conduta a serem adotados por todos","robots":{"index":"index","follow":"follow","max-snippet":"max-snippet:-1","max-image-preview":"max-image-preview:large","max-video-preview":"max-video-preview:-1"},"canonical":"https:\/\/sansuy.com.br\/es\/codigo-de-etica-e-conduta\/","og_locale":"es_ES","og_type":"article","og_title":"C\u00f3digo de \u00c9tica e Conduta - Sansuy S.A.","og_description":"Este documento representa nossa preocupa\u00e7\u00e3o e esfor\u00e7o em estabelecer padr\u00f5es de \u00e9tica e conduta a serem adotados por todos","og_url":"https:\/\/sansuy.com.br\/es\/codigo-de-etica-e-conduta\/","og_site_name":"Sansuy S.A.","article_publisher":"https:\/\/www.facebook.com\/sansuy.sa\/","article_modified_time":"2023-10-18T14:17:39+00:00","twitter_card":"summary_large_image","twitter_misc":{"Tiempo de lectura":"17 minutos"},"schema":{"@context":"https:\/\/schema.org","@graph":[{"@type":"WebPage","@id":"https:\/\/sansuy.com.br\/codigo-de-etica-e-conduta\/","url":"https:\/\/sansuy.com.br\/codigo-de-etica-e-conduta\/","name":"C\u00f3digo de \u00c9tica e Conduta - Sansuy S.A.","isPartOf":{"@id":"https:\/\/sansuy.com.br\/es\/#website"},"datePublished":"2021-05-13T18:23:56+00:00","dateModified":"2023-10-18T14:17:39+00:00","description":"Este documento representa nossa preocupa\u00e7\u00e3o e esfor\u00e7o em estabelecer padr\u00f5es de \u00e9tica e conduta a serem adotados por todos","breadcrumb":{"@id":"https:\/\/sansuy.com.br\/codigo-de-etica-e-conduta\/#breadcrumb"},"inLanguage":"es","potentialAction":[{"@type":"ReadAction","target":["https:\/\/sansuy.com.br\/codigo-de-etica-e-conduta\/"]}]},{"@type":"BreadcrumbList","@id":"https:\/\/sansuy.com.br\/codigo-de-etica-e-conduta\/#breadcrumb","itemListElement":[{"@type":"ListItem","position":1,"name":"In\u00edcio","item":"https:\/\/sansuy.com.br\/"},{"@type":"ListItem","position":2,"name":"C\u00f3digo de \u00c9tica e Conduta"}]},{"@type":"WebSite","@id":"https:\/\/sansuy.com.br\/es\/#website","url":"https:\/\/sansuy.com.br\/es\/","name":"Sansuy S.A.","description":"[:pb]Ind\u00fastria de Pl\u00e1sticos[:en]Plastic Industry[:es]Industria de Pl\u00e1sticos[:]","publisher":{"@id":"https:\/\/sansuy.com.br\/es\/#organization"},"potentialAction":[{"@type":"SearchAction","target":{"@type":"EntryPoint","urlTemplate":"https:\/\/sansuy.com.br\/es\/?s={search_term_string}"},"query-input":{"@type":"PropertyValueSpecification","valueRequired":true,"valueName":"search_term_string"}}],"inLanguage":"es"},{"@type":"Organization","@id":"https:\/\/sansuy.com.br\/es\/#organization","name":"Sansuy S.A.","url":"https:\/\/sansuy.com.br\/es\/","logo":{"@type":"ImageObject","inLanguage":"es","@id":"https:\/\/sansuy.com.br\/es\/#\/schema\/logo\/image\/","url":"https:\/\/sansuy.com.br\/wp-content\/uploads\/2018\/08\/logo_pequeno-2.png","contentUrl":"https:\/\/sansuy.com.br\/wp-content\/uploads\/2018\/08\/logo_pequeno-2.png","width":250,"height":65,"caption":"Sansuy S.A."},"image":{"@id":"https:\/\/sansuy.com.br\/es\/#\/schema\/logo\/image\/"},"sameAs":["https:\/\/www.facebook.com\/sansuy.sa\/","https:\/\/www.instagram.com\/sansuy.sa\/","https:\/\/www.linkedin.com\/company\/sansuy-s-a-ind-de-plasticos","https:\/\/www.youtube.com\/channel\/UCzEnvGN-6M02PUG_qMjaRyg"]}]}},"_links":{"self":[{"href":"https:\/\/sansuy.com.br\/es\/wp-json\/wp\/v2\/pages\/27314","targetHints":{"allow":["GET"]}}],"collection":[{"href":"https:\/\/sansuy.com.br\/es\/wp-json\/wp\/v2\/pages"}],"about":[{"href":"https:\/\/sansuy.com.br\/es\/wp-json\/wp\/v2\/types\/page"}],"author":[{"embeddable":true,"href":"https:\/\/sansuy.com.br\/es\/wp-json\/wp\/v2\/users\/7"}],"replies":[{"embeddable":true,"href":"https:\/\/sansuy.com.br\/es\/wp-json\/wp\/v2\/comments?post=27314"}],"version-history":[{"count":1,"href":"https:\/\/sansuy.com.br\/es\/wp-json\/wp\/v2\/pages\/27314\/revisions"}],"predecessor-version":[{"id":77241,"href":"https:\/\/sansuy.com.br\/es\/wp-json\/wp\/v2\/pages\/27314\/revisions\/77241"}],"wp:attachment":[{"href":"https:\/\/sansuy.com.br\/es\/wp-json\/wp\/v2\/media?parent=27314"}],"curies":[{"name":"wp","href":"https:\/\/api.w.org\/{rel}","templated":true}]}}