{"id":3553,"date":"2019-09-05T19:24:22","date_gmt":"2019-09-05T22:24:22","guid":{"rendered":"http:\/\/aisthesis.com.br\/robertozonta\/sansuy\/site\/?page_id=3553"},"modified":"2025-03-18T14:47:25","modified_gmt":"2025-03-18T17:47:25","slug":"politicas-de-qualidade","status":"publish","type":"page","link":"https:\/\/sansuy.com.br\/es\/politicas-de-qualidade\/","title":{"rendered":"Pol\u00edtica de Calidad"},"content":{"rendered":"<h2>Sobre as certifica\u00e7\u00f5es:<\/h2>\n<h2>IATF\u00a016949: 2016<\/h2>\n<p>A IATF 16949:2016 substitui e cancela a ISO\/TS16949:2009 e \u00e9 obrigat\u00f3ria para todas as empresas que atendem ao mercado automotivo a partir de setembro de 2018.<\/p>\n<p>Esta visa o desenvolvimento de um Sistema de Gest\u00e3o da Qualidade que proporcione melhoria cont\u00ednua, enfatizando a preven\u00e7\u00e3o de defeitos e a redu\u00e7\u00e3o da varia\u00e7\u00e3o e desperd\u00edcio na cadeia de fornecimento automotivo, atrav\u00e9s da an\u00e1lise dos riscos em cada processo.<\/p>\n<p>Nesta revis\u00e3o v\u00e1rios \u00a0requisitos espec\u00edficos de cada montadora foram inseridos como requisito da norma e todas as empresas devem atender, mesmo que n\u00e3o forne\u00e7am diretamente para uma determinada montadora. Isto fez com que ocorra uma padroniza\u00e7\u00e3o maior nos Sistemas de Gest\u00e3o da Qualidade da empresas que atendem o mercado automotivo.<\/p>\n<p>A IATF\u00a016949: 2016 \u00e9 a \u00faltima vers\u00e3o desta norma.<\/p>\n<h2>ISO 9001<\/h2>\n<p>A ISO (International Organization for Standardization) \u00e9 uma organiza\u00e7\u00e3o n\u00e3o governamental fundada em 1946 e sediada em Genebra, na Su\u00ed\u00e7a. Seu prop\u00f3sito \u00e9 desenvolver e promover normas que possam ser utilizadas por todos os pa\u00edses do mundo. Fornece requisitos para o sistema de gest\u00e3o de qualidade, sendo aplic\u00e1vel a qualquer produto ou servi\u00e7o, independentemente do tamanho da organiza\u00e7\u00e3o, tendo como prop\u00f3sito oferecer vantagem competitiva atrav\u00e9s da qualidade.<\/p>\n<p>A ISO possui uma fam\u00edlia de normas que trata de qualidade: a ISO s\u00e9rie 9000. Nesta fam\u00edlia est\u00e1 a ISO 9000 que define Conceitos e terminologias, a ISO 9001 que estabelece os requisitos para fins de certifica\u00e7\u00e3o, e a ISO 9004 que define as diretrizes para melhoria de desempenho e efic\u00e1cia. N\u00e3o existe certifica\u00e7\u00e3o para as normas ISO 9000 e ISO 9004, somente para a ISO 9001.<\/p>\n<p>A vers\u00e3o brasileira da ISO 9001 chama-se ABNT NBR ISO 9001. A ISO 9001:2015 \u00e9 a \u00faltima vers\u00e3o da ISO 9001.<\/p>\n<p>Segundo o INMETRO o objetivo da ISO 9001 \u00e9 prover confian\u00e7a ao cliente de que o seu fornecedor poder\u00e1 fornecer, de forma consistente e repetitiva, bens e servi\u00e7os de acordo com as suas especifica\u00e7\u00f5es.<\/p>\n<h2>As certifica\u00e7\u00f5es na Sansuy<\/h2>\n<p>A Sansuy, visando \u00e0 melhoria cont\u00ednua de seus produtos, implementou projetos de terceiriza\u00e7\u00e3o, produtividade e qualidade, parcerias com fornecedores, clientes e funcion\u00e1rios. Como resultado de todo esse trabalho e reconhecimento de seu sistema de qualidade, em 1996, a Sansuy foi certificada pelo BVQI, com a ISO 9002 &#8211; nas unidades industriais de Embu e Cama\u00e7ari.<\/p>\n<p>Em 1998, a Sansuy certificou sua \u00e1rea de confec\u00e7\u00e3o com a ISO 9002, tornando-se a primeira empresa brasileira a ter uma certifica\u00e7\u00e3o ISO 9002 no setor de confec\u00e7\u00f5es.<\/p>\n<p>Em 01 de setembro de 1999, a Sansuy foi tamb\u00e9m certificada pelo BVQI, em conformidade com o Manual QS 9000 &#8211; Edi\u00e7\u00e3o 1998, estando, desde ent\u00e3o, qualificada a fornecer para as empresas montadoras signat\u00e1rias do Sistema (Ford, Chrysler e GM).<\/p>\n<p>Em novembro de 2003, a unidade Embu\/SP passou por nova auditoria de \u201cup grade\u201d do seu sistema de gest\u00e3o da qualidade nas normas ISOTS 16949:2002 para a linha de produtos automotivos, agora abrangendo todas as montadoras.<\/p>\n<p>Tamb\u00e9m realizou o \u201cup grade\u201d para a ISO 9001:2000 para as demais linhas de produtos. No mesmo per\u00edodo a unidade Cama\u00e7ari\/BA teve seu sistema da qualidade certificado pelo BVQI na norma ISO 9001:2000.<\/p>\n<p>Em 2009, as unidades de Embu e Cama\u00e7ari, tiveram o \u201cup grade\u201d do seu sistema da qualidade na norma ISO 9001:2008, e a unidade de Embu teve o \u201cup grade\u201d nas normas ISOTS 16949:2009.<\/p>\n<p>Hoje as unidades fabris Sansuy est\u00e3o certificadas na ISO9001:2015 para linha de produtos n\u00e3o automotivos e na IATF 16949:2016 nas linhas de produtos automotivos.<\/p>\n<p>Vale destacar que a Sansuy, como fornecedora de revestimento automotivo, \u00e9 uma das poucas empresas brasileiras com a certifica\u00e7\u00e3o IATF 16949:2016.<\/p>\n<h2>Pol\u00edtica da qualidade:<\/h2>\n<p>Desenvolver atividades, produtos e servi\u00e7os que atendem \u00e0 necessidade e expectativa dos clientes, cumprindo seus requisitos e normas legais. Promover a melhora cont\u00ednua do processos, produtos, servi\u00e7os e do sistema de gest\u00e3o da qualidade.<\/p>\n<h3>Objetivos:<\/h3>\n<p>Atender aos prazos de entregas;<\/p>\n<p>Desenvolver e treinar os colaboradores;<\/p>\n<p>Reduzir o desperd\u00edcio;<\/p>\n<p>Reduzir as reclama\u00e7\u00f5es de clientes;<\/p>\n<p>Reduzir os custos de m\u00e1 qualidade;<\/p>\n<p>Aumentar a satisfa\u00e7\u00e3o dos clientes;<\/p>\n<p>Aumentar as a\u00e7\u00f5es de melhoria.<\/p>","protected":false},"excerpt":{"rendered":"<p>Sobre as certifica\u00e7\u00f5es: IATF\u00a016949: 2016 A IATF 16949:2016 substitui e cancela a ISO\/TS16949:2009 e \u00e9 obrigat\u00f3ria para todas as empresas que atendem ao mercado automotivo a partir de setembro de &#8230;<\/p>","protected":false},"author":2,"featured_media":77842,"parent":0,"menu_order":0,"comment_status":"closed","ping_status":"closed","template":"","meta":{"_acf_changed":false,"footnotes":""},"class_list":["post-3553","page","type-page","status-publish","has-post-thumbnail","hentry"],"acf":[],"yoast_head":"<!-- This site is optimized with the Yoast SEO plugin v24.1 - https:\/\/yoast.com\/wordpress\/plugins\/seo\/ -->\n<title>Pol\u00edticas de Qualidade - Sansuy S.A.<\/title>\n<meta name=\"description\" content=\"Desenvolver atividades, produtos e servi\u00e7os que atendem \u00e0 necessidade e expectativa dos clientes, cumprindo seus requisitos e normas legais.\" \/>\n<meta name=\"robots\" content=\"index, follow, max-snippet:-1, max-image-preview:large, max-video-preview:-1\" \/>\n<link rel=\"canonical\" href=\"https:\/\/sansuy.com.br\/es\/politicas-de-qualidade\/\" \/>\n<meta property=\"og:locale\" content=\"es_ES\" \/>\n<meta property=\"og:type\" content=\"article\" \/>\n<meta property=\"og:title\" content=\"Pol\u00edticas de Qualidade - Sansuy S.A.\" \/>\n<meta property=\"og:description\" content=\"Desenvolver atividades, produtos e servi\u00e7os que atendem \u00e0 necessidade e expectativa dos clientes, cumprindo seus requisitos e normas legais.\" \/>\n<meta property=\"og:url\" content=\"https:\/\/sansuy.com.br\/es\/politicas-de-qualidade\/\" \/>\n<meta property=\"og:site_name\" content=\"Sansuy S.A.\" \/>\n<meta property=\"article:publisher\" content=\"https:\/\/www.facebook.com\/sansuy.sa\/\" \/>\n<meta property=\"article:modified_time\" content=\"2025-03-18T17:47:25+00:00\" \/>\n<meta property=\"og:image\" content=\"https:\/\/sansuy.com.br\/wp-content\/uploads\/2025\/03\/Politica-V1-Alteracao-logo-ISO-site-Sansuy-02_2025-1024x584.png\" \/>\n\t<meta property=\"og:image:width\" content=\"1024\" \/>\n\t<meta property=\"og:image:height\" content=\"584\" \/>\n\t<meta property=\"og:image:type\" content=\"image\/png\" \/>\n<meta name=\"twitter:card\" content=\"summary_large_image\" \/>\n<meta name=\"twitter:label1\" content=\"Tiempo de lectura\" \/>\n\t<meta name=\"twitter:data1\" content=\"9 minutos\" \/>\n<!-- \/ Yoast SEO plugin. -->","yoast_head_json":{"title":"Pol\u00edticas de Qualidade - Sansuy S.A.","description":"Desenvolver atividades, produtos e servi\u00e7os que atendem \u00e0 necessidade e expectativa dos clientes, cumprindo seus requisitos e normas legais.","robots":{"index":"index","follow":"follow","max-snippet":"max-snippet:-1","max-image-preview":"max-image-preview:large","max-video-preview":"max-video-preview:-1"},"canonical":"https:\/\/sansuy.com.br\/es\/politicas-de-qualidade\/","og_locale":"es_ES","og_type":"article","og_title":"Pol\u00edticas de Qualidade - Sansuy S.A.","og_description":"Desenvolver atividades, produtos e servi\u00e7os que atendem \u00e0 necessidade e expectativa dos clientes, cumprindo seus requisitos e normas legais.","og_url":"https:\/\/sansuy.com.br\/es\/politicas-de-qualidade\/","og_site_name":"Sansuy S.A.","article_publisher":"https:\/\/www.facebook.com\/sansuy.sa\/","article_modified_time":"2025-03-18T17:47:25+00:00","og_image":[{"width":1024,"height":584,"url":"https:\/\/sansuy.com.br\/wp-content\/uploads\/2025\/03\/Politica-V1-Alteracao-logo-ISO-site-Sansuy-02_2025-1024x584.png","type":"image\/png"}],"twitter_card":"summary_large_image","twitter_misc":{"Tiempo de lectura":"9 minutos"},"schema":{"@context":"https:\/\/schema.org","@graph":[{"@type":"WebPage","@id":"https:\/\/sansuy.com.br\/politicas-de-qualidade\/","url":"https:\/\/sansuy.com.br\/politicas-de-qualidade\/","name":"Pol\u00edticas de Qualidade - Sansuy S.A.","isPartOf":{"@id":"https:\/\/sansuy.com.br\/es\/#website"},"primaryImageOfPage":{"@id":"https:\/\/sansuy.com.br\/politicas-de-qualidade\/#primaryimage"},"image":{"@id":"https:\/\/sansuy.com.br\/politicas-de-qualidade\/#primaryimage"},"thumbnailUrl":"https:\/\/sansuy.com.br\/wp-content\/uploads\/2025\/03\/Politica-V1-Alteracao-logo-ISO-site-Sansuy-02_2025.png","datePublished":"2019-09-05T22:24:22+00:00","dateModified":"2025-03-18T17:47:25+00:00","description":"Desenvolver atividades, produtos e servi\u00e7os que atendem \u00e0 necessidade e expectativa dos clientes, cumprindo seus requisitos e normas legais.","breadcrumb":{"@id":"https:\/\/sansuy.com.br\/politicas-de-qualidade\/#breadcrumb"},"inLanguage":"es","potentialAction":[{"@type":"ReadAction","target":["https:\/\/sansuy.com.br\/politicas-de-qualidade\/"]}]},{"@type":"ImageObject","inLanguage":"es","@id":"https:\/\/sansuy.com.br\/politicas-de-qualidade\/#primaryimage","url":"https:\/\/sansuy.com.br\/wp-content\/uploads\/2025\/03\/Politica-V1-Alteracao-logo-ISO-site-Sansuy-02_2025.png","contentUrl":"https:\/\/sansuy.com.br\/wp-content\/uploads\/2025\/03\/Politica-V1-Alteracao-logo-ISO-site-Sansuy-02_2025.png","width":1920,"height":1095,"caption":"iso"},{"@type":"BreadcrumbList","@id":"https:\/\/sansuy.com.br\/politicas-de-qualidade\/#breadcrumb","itemListElement":[{"@type":"ListItem","position":1,"name":"In\u00edcio","item":"https:\/\/sansuy.com.br\/"},{"@type":"ListItem","position":2,"name":"Pol\u00edticas de Qualidade"}]},{"@type":"WebSite","@id":"https:\/\/sansuy.com.br\/es\/#website","url":"https:\/\/sansuy.com.br\/es\/","name":"Sansuy S.A.","description":"[:pb]Ind\u00fastria de Pl\u00e1sticos[:en]Plastic Industry[:es]Industria de Pl\u00e1sticos[:]","publisher":{"@id":"https:\/\/sansuy.com.br\/es\/#organization"},"potentialAction":[{"@type":"SearchAction","target":{"@type":"EntryPoint","urlTemplate":"https:\/\/sansuy.com.br\/es\/?s={search_term_string}"},"query-input":{"@type":"PropertyValueSpecification","valueRequired":true,"valueName":"search_term_string"}}],"inLanguage":"es"},{"@type":"Organization","@id":"https:\/\/sansuy.com.br\/es\/#organization","name":"Sansuy S.A.","url":"https:\/\/sansuy.com.br\/es\/","logo":{"@type":"ImageObject","inLanguage":"es","@id":"https:\/\/sansuy.com.br\/es\/#\/schema\/logo\/image\/","url":"https:\/\/sansuy.com.br\/wp-content\/uploads\/2018\/08\/logo_pequeno-2.png","contentUrl":"https:\/\/sansuy.com.br\/wp-content\/uploads\/2018\/08\/logo_pequeno-2.png","width":250,"height":65,"caption":"Sansuy S.A."},"image":{"@id":"https:\/\/sansuy.com.br\/es\/#\/schema\/logo\/image\/"},"sameAs":["https:\/\/www.facebook.com\/sansuy.sa\/","https:\/\/www.instagram.com\/sansuy.sa\/","https:\/\/www.linkedin.com\/company\/sansuy-s-a-ind-de-plasticos","https:\/\/www.youtube.com\/channel\/UCzEnvGN-6M02PUG_qMjaRyg"]}]}},"_links":{"self":[{"href":"https:\/\/sansuy.com.br\/es\/wp-json\/wp\/v2\/pages\/3553","targetHints":{"allow":["GET"]}}],"collection":[{"href":"https:\/\/sansuy.com.br\/es\/wp-json\/wp\/v2\/pages"}],"about":[{"href":"https:\/\/sansuy.com.br\/es\/wp-json\/wp\/v2\/types\/page"}],"author":[{"embeddable":true,"href":"https:\/\/sansuy.com.br\/es\/wp-json\/wp\/v2\/users\/2"}],"replies":[{"embeddable":true,"href":"https:\/\/sansuy.com.br\/es\/wp-json\/wp\/v2\/comments?post=3553"}],"version-history":[{"count":2,"href":"https:\/\/sansuy.com.br\/es\/wp-json\/wp\/v2\/pages\/3553\/revisions"}],"predecessor-version":[{"id":77843,"href":"https:\/\/sansuy.com.br\/es\/wp-json\/wp\/v2\/pages\/3553\/revisions\/77843"}],"wp:featuredmedia":[{"embeddable":true,"href":"https:\/\/sansuy.com.br\/es\/wp-json\/wp\/v2\/media\/77842"}],"wp:attachment":[{"href":"https:\/\/sansuy.com.br\/es\/wp-json\/wp\/v2\/media?parent=3553"}],"curies":[{"name":"wp","href":"https:\/\/api.w.org\/{rel}","templated":true}]}}