{"id":3667,"date":"2019-09-06T12:16:07","date_gmt":"2019-09-06T15:16:07","guid":{"rendered":"http:\/\/aisthesis.com.br\/robertozonta\/sansuy\/site\/?page_id=3667"},"modified":"2023-10-18T11:17:58","modified_gmt":"2023-10-18T14:17:58","slug":"sites-sansuy","status":"publish","type":"page","link":"https:\/\/sansuy.com.br\/es\/sites-sansuy\/","title":{"rendered":"Sitios Sansuy"},"content":{"rendered":"<p>Tenha Acesso a todos os Sites da Sansuy:<\/p>\n<p><a href=\"https:\/\/www.lojasansuy.com.br\/\" target=\"_blank\" rel=\"noopener noreferrer\">www.lojasansuy.com.br<\/a><br \/>\n<a href=\"https:\/\/meutoldo.com.br\/\" target=\"_blank\" rel=\"noopener noreferrer\">meutoldo.com.br<\/a><br \/>\n<a href=\"https:\/\/www.sanlux.com.br\/\" target=\"_blank\" rel=\"noopener noreferrer\">sanlux.com.br<\/a><br \/>\n<a href=\"https:\/\/vinilona.sansuy.com.br\" target=\"_blank\" rel=\"noopener noreferrer\">vinilona.sansuy.com.br<\/a><br \/>\n<a href=\"https:\/\/blog.sansuy.com.br\">blog.sansuy.com.br<\/a><br \/>\n<a href=\"https:\/\/vinigalpao.com.br\/\" target=\"_blank\" rel=\"noopener noreferrer\">vinigalpao.com.br<\/a><br \/>\n<a href=\"https:\/\/vinicon.com.br\/\" target=\"_blank\" rel=\"noopener noreferrer\">vinicon.com.br<\/a><\/p>","protected":false},"excerpt":{"rendered":"<p>Tenha Acesso a todos os Sites da Sansuy: www.lojasansuy.com.br meutoldo.com.br sanlux.com.br vinilona.sansuy.com.br blog.sansuy.com.br vinigalpao.com.br vinicon.com.br<\/p>","protected":false},"author":2,"featured_media":0,"parent":0,"menu_order":0,"comment_status":"closed","ping_status":"closed","template":"","meta":{"_acf_changed":false,"footnotes":""},"class_list":["post-3667","page","type-page","status-publish","hentry"],"acf":[],"yoast_head":"<!-- This site is optimized with the Yoast SEO plugin v24.1 - https:\/\/yoast.com\/wordpress\/plugins\/seo\/ -->\n<title>Sites Sansuy - Sansuy S.A.<\/title>\n<meta name=\"description\" content=\"Tenha acesso a todos os sites da Sansuy, fique por dentro das novidades e conhe\u00e7a todos os produtos da Sansuy\" \/>\n<meta name=\"robots\" content=\"index, follow, max-snippet:-1, max-image-preview:large, max-video-preview:-1\" \/>\n<link rel=\"canonical\" href=\"https:\/\/sansuy.com.br\/es\/sites-sansuy\/\" \/>\n<meta property=\"og:locale\" content=\"es_ES\" \/>\n<meta property=\"og:type\" content=\"article\" \/>\n<meta property=\"og:title\" content=\"Sites Sansuy - Sansuy S.A.\" \/>\n<meta property=\"og:description\" content=\"Tenha acesso a todos os sites da Sansuy, fique por dentro das novidades e conhe\u00e7a todos os produtos da Sansuy\" \/>\n<meta property=\"og:url\" content=\"https:\/\/sansuy.com.br\/es\/sites-sansuy\/\" \/>\n<meta property=\"og:site_name\" content=\"Sansuy S.A.\" \/>\n<meta property=\"article:publisher\" content=\"https:\/\/www.facebook.com\/sansuy.sa\/\" \/>\n<meta property=\"article:modified_time\" content=\"2023-10-18T14:17:58+00:00\" \/>\n<meta name=\"twitter:card\" content=\"summary_large_image\" \/>\n<meta name=\"twitter:label1\" content=\"Tiempo de lectura\" \/>\n\t<meta name=\"twitter:data1\" content=\"1 minuto\" \/>\n<!-- \/ Yoast SEO plugin. -->","yoast_head_json":{"title":"Sites Sansuy - Sansuy S.A.","description":"Tenha acesso a todos os sites da Sansuy, fique por dentro das novidades e conhe\u00e7a todos os produtos da Sansuy","robots":{"index":"index","follow":"follow","max-snippet":"max-snippet:-1","max-image-preview":"max-image-preview:large","max-video-preview":"max-video-preview:-1"},"canonical":"https:\/\/sansuy.com.br\/es\/sites-sansuy\/","og_locale":"es_ES","og_type":"article","og_title":"Sites Sansuy - Sansuy S.A.","og_description":"Tenha acesso a todos os sites da Sansuy, fique por dentro das novidades e conhe\u00e7a todos os produtos da Sansuy","og_url":"https:\/\/sansuy.com.br\/es\/sites-sansuy\/","og_site_name":"Sansuy S.A.","article_publisher":"https:\/\/www.facebook.com\/sansuy.sa\/","article_modified_time":"2023-10-18T14:17:58+00:00","twitter_card":"summary_large_image","twitter_misc":{"Tiempo de lectura":"1 minuto"},"schema":{"@context":"https:\/\/schema.org","@graph":[{"@type":"WebPage","@id":"https:\/\/sansuy.com.br\/sites-sansuy\/","url":"https:\/\/sansuy.com.br\/sites-sansuy\/","name":"Sites Sansuy - Sansuy S.A.","isPartOf":{"@id":"https:\/\/sansuy.com.br\/es\/#website"},"datePublished":"2019-09-06T15:16:07+00:00","dateModified":"2023-10-18T14:17:58+00:00","description":"Tenha acesso a todos os sites da Sansuy, fique por dentro das novidades e conhe\u00e7a todos os produtos da Sansuy","breadcrumb":{"@id":"https:\/\/sansuy.com.br\/sites-sansuy\/#breadcrumb"},"inLanguage":"es","potentialAction":[{"@type":"ReadAction","target":["https:\/\/sansuy.com.br\/sites-sansuy\/"]}]},{"@type":"BreadcrumbList","@id":"https:\/\/sansuy.com.br\/sites-sansuy\/#breadcrumb","itemListElement":[{"@type":"ListItem","position":1,"name":"In\u00edcio","item":"https:\/\/sansuy.com.br\/"},{"@type":"ListItem","position":2,"name":"Sites Sansuy"}]},{"@type":"WebSite","@id":"https:\/\/sansuy.com.br\/es\/#website","url":"https:\/\/sansuy.com.br\/es\/","name":"Sansuy S.A.","description":"[:pb]Ind\u00fastria de Pl\u00e1sticos[:en]Plastic Industry[:es]Industria de Pl\u00e1sticos[:]","publisher":{"@id":"https:\/\/sansuy.com.br\/es\/#organization"},"potentialAction":[{"@type":"SearchAction","target":{"@type":"EntryPoint","urlTemplate":"https:\/\/sansuy.com.br\/es\/?s={search_term_string}"},"query-input":{"@type":"PropertyValueSpecification","valueRequired":true,"valueName":"search_term_string"}}],"inLanguage":"es"},{"@type":"Organization","@id":"https:\/\/sansuy.com.br\/es\/#organization","name":"Sansuy S.A.","url":"https:\/\/sansuy.com.br\/es\/","logo":{"@type":"ImageObject","inLanguage":"es","@id":"https:\/\/sansuy.com.br\/es\/#\/schema\/logo\/image\/","url":"https:\/\/sansuy.com.br\/wp-content\/uploads\/2018\/08\/logo_pequeno-2.png","contentUrl":"https:\/\/sansuy.com.br\/wp-content\/uploads\/2018\/08\/logo_pequeno-2.png","width":250,"height":65,"caption":"Sansuy S.A."},"image":{"@id":"https:\/\/sansuy.com.br\/es\/#\/schema\/logo\/image\/"},"sameAs":["https:\/\/www.facebook.com\/sansuy.sa\/","https:\/\/www.instagram.com\/sansuy.sa\/","https:\/\/www.linkedin.com\/company\/sansuy-s-a-ind-de-plasticos","https:\/\/www.youtube.com\/channel\/UCzEnvGN-6M02PUG_qMjaRyg"]}]}},"_links":{"self":[{"href":"https:\/\/sansuy.com.br\/es\/wp-json\/wp\/v2\/pages\/3667","targetHints":{"allow":["GET"]}}],"collection":[{"href":"https:\/\/sansuy.com.br\/es\/wp-json\/wp\/v2\/pages"}],"about":[{"href":"https:\/\/sansuy.com.br\/es\/wp-json\/wp\/v2\/types\/page"}],"author":[{"embeddable":true,"href":"https:\/\/sansuy.com.br\/es\/wp-json\/wp\/v2\/users\/2"}],"replies":[{"embeddable":true,"href":"https:\/\/sansuy.com.br\/es\/wp-json\/wp\/v2\/comments?post=3667"}],"version-history":[{"count":1,"href":"https:\/\/sansuy.com.br\/es\/wp-json\/wp\/v2\/pages\/3667\/revisions"}],"predecessor-version":[{"id":77265,"href":"https:\/\/sansuy.com.br\/es\/wp-json\/wp\/v2\/pages\/3667\/revisions\/77265"}],"wp:attachment":[{"href":"https:\/\/sansuy.com.br\/es\/wp-json\/wp\/v2\/media?parent=3667"}],"curies":[{"name":"wp","href":"https:\/\/api.w.org\/{rel}","templated":true}]}}