{"id":4823,"date":"2019-10-01T11:41:48","date_gmt":"2019-10-01T14:41:48","guid":{"rendered":"http:\/\/sansuy.com.br\/?page_id=4823"},"modified":"2023-10-18T11:18:00","modified_gmt":"2023-10-18T14:18:00","slug":"sustentabilidade","status":"publish","type":"page","link":"https:\/\/sansuy.com.br\/es\/sustentabilidade\/","title":{"rendered":"Sustentabilidade"},"content":{"rendered":"<h3>Sustentabilidade Sansuy &#8211; Inova\u00e7\u00f5es conectadas com o presente e o futuro.<\/h3>\n<p>A preocupa\u00e7\u00e3o com o desenvolvimento sustent\u00e1vel, faz parte da pol\u00edtica de qualidade da Sansuy. Porque s\u00f3 o fortalecimento da sustentabilidade garante padr\u00f5es ambientais adequados e estimula a consci\u00eancia no exerc\u00edcio da cidadania Quatro pontos b\u00e1sicos norteiam a pol\u00edtica da Sansuy neste sentido: \u00c1gua, Meio Ambiente, Energia e Alimentos. Vertentes que exigem continuidade, determina\u00e7\u00e3o e comprometimento e isso a Sansuy aplica em todas as solu\u00e7\u00f5es que desenvolve, buscando atender as expectativas do presente e do futuro.<\/p>\n<div class=\"w-100\"><img fetchpriority=\"high\" decoding=\"async\" class=\"aligncenter wp-image-4825 size-full\" src=\"https:\/\/sansuy.com.br\/wp-content\/uploads\/2019\/10\/mandala.jpg\" alt=\"mandala\" width=\"1110\" height=\"610\" srcset=\"https:\/\/sansuy.com.br\/wp-content\/uploads\/2019\/10\/mandala.jpg 1110w, https:\/\/sansuy.com.br\/wp-content\/uploads\/2019\/10\/mandala-300x165.jpg 300w, https:\/\/sansuy.com.br\/wp-content\/uploads\/2019\/10\/mandala-768x422.jpg 768w, https:\/\/sansuy.com.br\/wp-content\/uploads\/2019\/10\/mandala-1024x563.jpg 1024w\" sizes=\"(max-width: 1110px) 100vw, 1110px\" \/><\/div>\n<hr \/>\n<p><b> \u00c1gua: <\/b> Fator essencial para nossa sobreviv\u00eancia, o seu reaproveitamento, coleta, transporte e tratamento dever trazer balan\u00e7os positivos para o planeta<\/p>\n<p><b> Meio Ambiente: <\/b> Como base para demandas das futuras gera\u00e7\u00f5es., produzir com responsabilidade, num ambiente ecologicamente equilibrado e preservado<\/p>\n<p><b> Energia: <\/b>Fonte que deve contribuir para a redu\u00e7\u00e3o do aquecimento global e do efeito estufa, permitindo gerar eletricidade e benef\u00edcios, equilibrando produ\u00e7\u00e3o com economia.<\/p>\n<p><b> Alimento: <\/b>Para uma sadia qualidade de vida, deve ser resultado de uma produ\u00e7\u00e3o que promova safras em condi\u00e7\u00f5es de qualidade, transporte e armazenamento<\/p>","protected":false},"excerpt":{"rendered":"<p>Sustentabilidade Sansuy &#8211; Inova\u00e7\u00f5es conectadas com o presente e o futuro. A preocupa\u00e7\u00e3o com o desenvolvimento sustent\u00e1vel, faz parte da pol\u00edtica de qualidade da Sansuy. Porque s\u00f3 o fortalecimento da &#8230;<\/p>","protected":false},"author":2,"featured_media":4824,"parent":0,"menu_order":0,"comment_status":"closed","ping_status":"closed","template":"","meta":{"_acf_changed":false,"footnotes":""},"class_list":["post-4823","page","type-page","status-publish","has-post-thumbnail","hentry"],"acf":[],"yoast_head":"<!-- This site is optimized with the Yoast SEO plugin v24.1 - https:\/\/yoast.com\/wordpress\/plugins\/seo\/ -->\n<title>Sustentabilidade - Sansuy S.A.<\/title>\n<meta name=\"description\" content=\"Sustentabilidade\" \/>\n<meta name=\"robots\" content=\"index, follow, max-snippet:-1, max-image-preview:large, max-video-preview:-1\" \/>\n<link rel=\"canonical\" href=\"https:\/\/sansuy.com.br\/es\/sustentabilidade\/\" \/>\n<meta property=\"og:locale\" content=\"es_ES\" \/>\n<meta property=\"og:type\" content=\"article\" \/>\n<meta property=\"og:title\" content=\"Sustentabilidade - Sansuy S.A.\" \/>\n<meta property=\"og:description\" content=\"Sustentabilidade\" \/>\n<meta property=\"og:url\" content=\"https:\/\/sansuy.com.br\/es\/sustentabilidade\/\" \/>\n<meta property=\"og:site_name\" content=\"Sansuy S.A.\" \/>\n<meta property=\"article:publisher\" content=\"https:\/\/www.facebook.com\/sansuy.sa\/\" \/>\n<meta property=\"article:modified_time\" content=\"2023-10-18T14:18:00+00:00\" \/>\n<meta property=\"og:image\" content=\"https:\/\/sansuy.com.br\/wp-content\/uploads\/2019\/10\/sustentabilidade.jpg\" \/>\n\t<meta property=\"og:image:width\" content=\"1920\" \/>\n\t<meta property=\"og:image:height\" content=\"1095\" \/>\n\t<meta property=\"og:image:type\" content=\"image\/jpeg\" \/>\n<meta name=\"twitter:card\" content=\"summary_large_image\" \/>\n<meta name=\"twitter:label1\" content=\"Tiempo de lectura\" \/>\n\t<meta name=\"twitter:data1\" content=\"1 minuto\" \/>\n<!-- \/ Yoast SEO plugin. -->","yoast_head_json":{"title":"Sustentabilidade - Sansuy S.A.","description":"Sustentabilidade","robots":{"index":"index","follow":"follow","max-snippet":"max-snippet:-1","max-image-preview":"max-image-preview:large","max-video-preview":"max-video-preview:-1"},"canonical":"https:\/\/sansuy.com.br\/es\/sustentabilidade\/","og_locale":"es_ES","og_type":"article","og_title":"Sustentabilidade - Sansuy S.A.","og_description":"Sustentabilidade","og_url":"https:\/\/sansuy.com.br\/es\/sustentabilidade\/","og_site_name":"Sansuy S.A.","article_publisher":"https:\/\/www.facebook.com\/sansuy.sa\/","article_modified_time":"2023-10-18T14:18:00+00:00","og_image":[{"width":1920,"height":1095,"url":"https:\/\/sansuy.com.br\/wp-content\/uploads\/2019\/10\/sustentabilidade.jpg","type":"image\/jpeg"}],"twitter_card":"summary_large_image","twitter_misc":{"Tiempo de lectura":"1 minuto"},"schema":{"@context":"https:\/\/schema.org","@graph":[{"@type":"WebPage","@id":"https:\/\/sansuy.com.br\/sustentabilidade\/","url":"https:\/\/sansuy.com.br\/sustentabilidade\/","name":"Sustentabilidade - Sansuy S.A.","isPartOf":{"@id":"https:\/\/sansuy.com.br\/es\/#website"},"primaryImageOfPage":{"@id":"https:\/\/sansuy.com.br\/sustentabilidade\/#primaryimage"},"image":{"@id":"https:\/\/sansuy.com.br\/sustentabilidade\/#primaryimage"},"thumbnailUrl":"https:\/\/sansuy.com.br\/wp-content\/uploads\/2019\/10\/sustentabilidade.jpg","datePublished":"2019-10-01T14:41:48+00:00","dateModified":"2023-10-18T14:18:00+00:00","description":"Sustentabilidade","breadcrumb":{"@id":"https:\/\/sansuy.com.br\/sustentabilidade\/#breadcrumb"},"inLanguage":"es","potentialAction":[{"@type":"ReadAction","target":["https:\/\/sansuy.com.br\/sustentabilidade\/"]}]},{"@type":"ImageObject","inLanguage":"es","@id":"https:\/\/sansuy.com.br\/sustentabilidade\/#primaryimage","url":"https:\/\/sansuy.com.br\/wp-content\/uploads\/2019\/10\/sustentabilidade.jpg","contentUrl":"https:\/\/sansuy.com.br\/wp-content\/uploads\/2019\/10\/sustentabilidade.jpg","width":1920,"height":1095,"caption":"sustentabilidade"},{"@type":"BreadcrumbList","@id":"https:\/\/sansuy.com.br\/sustentabilidade\/#breadcrumb","itemListElement":[{"@type":"ListItem","position":1,"name":"In\u00edcio","item":"https:\/\/sansuy.com.br\/"},{"@type":"ListItem","position":2,"name":"Sustentabilidade"}]},{"@type":"WebSite","@id":"https:\/\/sansuy.com.br\/es\/#website","url":"https:\/\/sansuy.com.br\/es\/","name":"Sansuy S.A.","description":"[:pb]Ind\u00fastria de Pl\u00e1sticos[:en]Plastic Industry[:es]Industria de Pl\u00e1sticos[:]","publisher":{"@id":"https:\/\/sansuy.com.br\/es\/#organization"},"potentialAction":[{"@type":"SearchAction","target":{"@type":"EntryPoint","urlTemplate":"https:\/\/sansuy.com.br\/es\/?s={search_term_string}"},"query-input":{"@type":"PropertyValueSpecification","valueRequired":true,"valueName":"search_term_string"}}],"inLanguage":"es"},{"@type":"Organization","@id":"https:\/\/sansuy.com.br\/es\/#organization","name":"Sansuy S.A.","url":"https:\/\/sansuy.com.br\/es\/","logo":{"@type":"ImageObject","inLanguage":"es","@id":"https:\/\/sansuy.com.br\/es\/#\/schema\/logo\/image\/","url":"https:\/\/sansuy.com.br\/wp-content\/uploads\/2018\/08\/logo_pequeno-2.png","contentUrl":"https:\/\/sansuy.com.br\/wp-content\/uploads\/2018\/08\/logo_pequeno-2.png","width":250,"height":65,"caption":"Sansuy S.A."},"image":{"@id":"https:\/\/sansuy.com.br\/es\/#\/schema\/logo\/image\/"},"sameAs":["https:\/\/www.facebook.com\/sansuy.sa\/","https:\/\/www.instagram.com\/sansuy.sa\/","https:\/\/www.linkedin.com\/company\/sansuy-s-a-ind-de-plasticos","https:\/\/www.youtube.com\/channel\/UCzEnvGN-6M02PUG_qMjaRyg"]}]}},"_links":{"self":[{"href":"https:\/\/sansuy.com.br\/es\/wp-json\/wp\/v2\/pages\/4823","targetHints":{"allow":["GET"]}}],"collection":[{"href":"https:\/\/sansuy.com.br\/es\/wp-json\/wp\/v2\/pages"}],"about":[{"href":"https:\/\/sansuy.com.br\/es\/wp-json\/wp\/v2\/types\/page"}],"author":[{"embeddable":true,"href":"https:\/\/sansuy.com.br\/es\/wp-json\/wp\/v2\/users\/2"}],"replies":[{"embeddable":true,"href":"https:\/\/sansuy.com.br\/es\/wp-json\/wp\/v2\/comments?post=4823"}],"version-history":[{"count":1,"href":"https:\/\/sansuy.com.br\/es\/wp-json\/wp\/v2\/pages\/4823\/revisions"}],"predecessor-version":[{"id":77267,"href":"https:\/\/sansuy.com.br\/es\/wp-json\/wp\/v2\/pages\/4823\/revisions\/77267"}],"wp:featuredmedia":[{"embeddable":true,"href":"https:\/\/sansuy.com.br\/es\/wp-json\/wp\/v2\/media\/4824"}],"wp:attachment":[{"href":"https:\/\/sansuy.com.br\/es\/wp-json\/wp\/v2\/media?parent=4823"}],"curies":[{"name":"wp","href":"https:\/\/api.w.org\/{rel}","templated":true}]}}